{"id":24114,"date":"2021-07-08T11:21:44","date_gmt":"2022-08-23T07:56:15","guid":{"rendered":"https:\/\/ecoprogress.eu\/produkt\/modular-rack-type-7-for-3-bicycles\/"},"modified":"2022-08-23T09:56:15","modified_gmt":"2022-08-23T07:56:15","slug":"bike-stand-smile-7-for-3-bikes","status":"publish","type":"product","link":"https:\/\/ecoprogress.eu\/en\/produkt\/bike-stand-smile-7-for-3-bikes\/","title":{"rendered":"Modular rack type 7 for 3 bicycles"},"content":{"rendered":"<p>Delivery 4-6 weeks (depending on stock levels)<\/p>\n\n<table id=\"tablepress-115\" class=\"tablepress tablepress-id-115\">\n<tbody class=\"row-striping row-hover\">\n<tr class=\"row-1\">\n\t<td class=\"column-1\">po\u010det stanov\u00edsk<\/td><td class=\"column-2\">3<\/td>\n<\/tr>\n<tr class=\"row-2\">\n\t<td class=\"column-1\">\u0161\u00edrka stojan<\/td><td class=\"column-2\">96 cm<\/td>\n<\/tr>\n<tr class=\"row-3\">\n\t<td class=\"column-1\">v\u00fd\u0161ka<\/td><td class=\"column-2\">30 cm<\/td>\n<\/tr>\n<tr class=\"row-4\">\n\t<td class=\"column-1\">h\u013abka<\/td><td class=\"column-2\">58 cm<\/td>\n<\/tr>\n<tr class=\"row-5\">\n\t<td class=\"column-1\">\u0161\u00edrka stanoviska<\/td><td class=\"column-2\">6,5 cm<\/td>\n<\/tr>\n<tr class=\"row-6\">\n\t<td class=\"column-1\">medzi stanoviskami<\/td><td class=\"column-2\">42 cm<\/td>\n<\/tr>\n<tr class=\"row-7\">\n\t<td class=\"column-1\">prierez r\u00fary<\/td><td class=\"column-2\">18 mm<\/td>\n<\/tr>\n<tr class=\"row-8\">\n\t<td class=\"column-1\">hr\u00fabka r\u00fary<\/td><td class=\"column-2\">2 mm<\/td>\n<\/tr>\n<tr class=\"row-9\">\n\t<td class=\"column-1\">profil stojanu<\/td><td class=\"column-2\">30 x 30 x 1,5 mm<\/td>\n<\/tr>\n<tr class=\"row-10\">\n\t<td class=\"column-1\">materi\u00e1l<\/td><td class=\"column-2\">oce\u013e pozinkovan\u00e1, oce\u013e nehrdzavej\u00faca, oce\u013e pozinkovan\u00e1 malovan\u00e1<\/td>\n<\/tr>\n<tr class=\"row-11\">\n\t<td class=\"column-1\">sp\u00f4sob parkovania<\/td><td class=\"column-2\">obojstarann\u00e9<\/td>\n<\/tr>\n<tr class=\"row-12\">\n\t<td class=\"column-1\">sp\u00f4sob ukotvenia<\/td><td class=\"column-2\">do zeme<\/td>\n<\/tr>\n<tr class=\"row-13\">\n\t<td class=\"column-1\">sp\u00f4sob mont\u00e1\u017ee<\/td><td class=\"column-2\">skrutky<\/td>\n<\/tr>\n<tr class=\"row-14\">\n\t<td class=\"column-1\">v\u00e1ha<\/td><td class=\"column-2\">10 kg<\/td>\n<\/tr>\n<tr class=\"row-15\">\n\t<td class=\"column-1\">mont\u00e1\u017e<\/td><td class=\"column-2\">4 roz\u0161irovacie z\u00e1tky \u00d8 12 x 60 mm pre skrutky \u00d8 8 x 80 mm (s\u00fa\u010das\u0165ou balenia), k\u013e\u00fa\u010dom 13<\/td>\n<\/tr>\n<\/tbody>\n<\/table>\n\n","protected":false},"excerpt":{"rendered":"<p>Modular rack type 7 for 3 bicycles designed to park bicycles of all types and sizes. Even those with disc brakes.<\/p>\n<p>&nbsp;<\/p>\n","protected":false},"featured_media":18315,"template":"","meta":[],"product_brand":[],"product_cat":[390,391],"product_tag":[],"class_list":{"0":"post-24114","1":"product","2":"type-product","3":"status-publish","4":"has-post-thumbnail","6":"product_cat-bike-racks","7":"product_cat-modular","8":"product_shipping_class-stands","10":"first","11":"instock","12":"taxable","13":"shipping-taxable","14":"purchasable","15":"product-type-variable"},"yoast_head":"<!-- This site is optimized with the Yoast SEO plugin v27.2 - https:\/\/yoast.com\/product\/yoast-seo-wordpress\/ -->\n<title>Modular rack type 7 for 3 bicycles | Ecoprogress<\/title>\n<meta name=\"description\" content=\"Modular rack type 7 for 3 bicycles designed to park bicycles of all types and sizes. Also the one with disc brakes.\" \/>\n<meta name=\"robots\" content=\"index, follow, max-snippet:-1, max-image-preview:large, max-video-preview:-1\" \/>\n<link rel=\"canonical\" href=\"https:\/\/ecoprogress.eu\/en\/produkt\/bike-stand-smile-7-for-3-bikes\/\" \/>\n<meta property=\"og:locale\" content=\"en_US\" \/>\n<meta property=\"og:type\" content=\"article\" \/>\n<meta property=\"og:title\" content=\"Modular rack type 7 for 3 bicycles | Ecoprogress\" \/>\n<meta property=\"og:description\" content=\"Modular rack type 7 for 3 bicycles designed to park bicycles of all types and sizes. Also the one with disc brakes.\" \/>\n<meta property=\"og:url\" content=\"https:\/\/ecoprogress.eu\/en\/produkt\/bike-stand-smile-7-for-3-bikes\/\" \/>\n<meta property=\"og:site_name\" content=\"Ecoprogress\" \/>\n<meta property=\"og:image\" content=\"https:\/\/ecoprogress.eu\/wp-content\/uploads\/Snimka-obrazovky-2021-07-08-o-11.23.51.png\" \/>\n\t<meta property=\"og:image:width\" content=\"1592\" \/>\n\t<meta property=\"og:image:height\" content=\"1090\" \/>\n\t<meta property=\"og:image:type\" content=\"image\/png\" \/>\n<meta name=\"twitter:card\" content=\"summary_large_image\" \/>\n<script type=\"application\/ld+json\" class=\"yoast-schema-graph\">{\"@context\":\"https:\/\/schema.org\",\"@graph\":[{\"@type\":\"WebPage\",\"@id\":\"https:\/\/ecoprogress.eu\/en\/produkt\/bike-stand-smile-7-for-3-bikes\/\",\"url\":\"https:\/\/ecoprogress.eu\/en\/produkt\/bike-stand-smile-7-for-3-bikes\/\",\"name\":\"Modular rack type 7 for 3 bicycles | Ecoprogress\",\"isPartOf\":{\"@id\":\"https:\/\/ecoprogress.eu\/en\/#website\"},\"primaryImageOfPage\":{\"@id\":\"https:\/\/ecoprogress.eu\/en\/produkt\/bike-stand-smile-7-for-3-bikes\/#primaryimage\"},\"image\":{\"@id\":\"https:\/\/ecoprogress.eu\/en\/produkt\/bike-stand-smile-7-for-3-bikes\/#primaryimage\"},\"thumbnailUrl\":\"https:\/\/ecoprogress.eu\/wp-content\/uploads\/Snimka-obrazovky-2021-07-08-o-11.23.51.png\",\"datePublished\":\"2022-08-23T07:56:15+00:00\",\"description\":\"Modular rack type 7 for 3 bicycles designed to park bicycles of all types and sizes. Also the one with disc brakes.\",\"breadcrumb\":{\"@id\":\"https:\/\/ecoprogress.eu\/en\/produkt\/bike-stand-smile-7-for-3-bikes\/#breadcrumb\"},\"inLanguage\":\"en-US\",\"potentialAction\":[{\"@type\":\"ReadAction\",\"target\":[\"https:\/\/ecoprogress.eu\/en\/produkt\/bike-stand-smile-7-for-3-bikes\/\"]}]},{\"@type\":\"ImageObject\",\"inLanguage\":\"en-US\",\"@id\":\"https:\/\/ecoprogress.eu\/en\/produkt\/bike-stand-smile-7-for-3-bikes\/#primaryimage\",\"url\":\"https:\/\/ecoprogress.eu\/wp-content\/uploads\/Snimka-obrazovky-2021-07-08-o-11.23.51.png\",\"contentUrl\":\"https:\/\/ecoprogress.eu\/wp-content\/uploads\/Snimka-obrazovky-2021-07-08-o-11.23.51.png\",\"width\":1592,\"height\":1090},{\"@type\":\"BreadcrumbList\",\"@id\":\"https:\/\/ecoprogress.eu\/en\/produkt\/bike-stand-smile-7-for-3-bikes\/#breadcrumb\",\"itemListElement\":[{\"@type\":\"ListItem\",\"position\":1,\"name\":\"Products\",\"item\":\"https:\/\/ecoprogress.eu\/en\/products\/\"},{\"@type\":\"ListItem\",\"position\":2,\"name\":\"Modular rack type 7 for 3 bicycles\"}]},{\"@type\":\"WebSite\",\"@id\":\"https:\/\/ecoprogress.eu\/en\/#website\",\"url\":\"https:\/\/ecoprogress.eu\/en\/\",\"name\":\"Ecoprogress\",\"description\":\"\",\"publisher\":{\"@id\":\"https:\/\/ecoprogress.eu\/en\/#organization\"},\"potentialAction\":[{\"@type\":\"SearchAction\",\"target\":{\"@type\":\"EntryPoint\",\"urlTemplate\":\"https:\/\/ecoprogress.eu\/en\/?s={search_term_string}\"},\"query-input\":{\"@type\":\"PropertyValueSpecification\",\"valueRequired\":true,\"valueName\":\"search_term_string\"}}],\"inLanguage\":\"en-US\"},{\"@type\":\"Organization\",\"@id\":\"https:\/\/ecoprogress.eu\/en\/#organization\",\"name\":\"Ecoprogress\",\"url\":\"https:\/\/ecoprogress.eu\/en\/\",\"logo\":{\"@type\":\"ImageObject\",\"inLanguage\":\"en-US\",\"@id\":\"https:\/\/ecoprogress.eu\/en\/#\/schema\/logo\/image\/\",\"url\":\"https:\/\/ecoprogress.eu\/wp-content\/uploads\/logo-2.svg\",\"contentUrl\":\"https:\/\/ecoprogress.eu\/wp-content\/uploads\/logo-2.svg\",\"width\":318,\"height\":349,\"caption\":\"Ecoprogress\"},\"image\":{\"@id\":\"https:\/\/ecoprogress.eu\/en\/#\/schema\/logo\/image\/\"}}]}<\/script>\n<!-- \/ Yoast SEO plugin. -->","yoast_head_json":{"title":"Modular rack type 7 for 3 bicycles | Ecoprogress","description":"Modular rack type 7 for 3 bicycles designed to park bicycles of all types and sizes. Also the one with disc brakes.","robots":{"index":"index","follow":"follow","max-snippet":"max-snippet:-1","max-image-preview":"max-image-preview:large","max-video-preview":"max-video-preview:-1"},"canonical":"https:\/\/ecoprogress.eu\/en\/produkt\/bike-stand-smile-7-for-3-bikes\/","og_locale":"en_US","og_type":"article","og_title":"Modular rack type 7 for 3 bicycles | Ecoprogress","og_description":"Modular rack type 7 for 3 bicycles designed to park bicycles of all types and sizes. Also the one with disc brakes.","og_url":"https:\/\/ecoprogress.eu\/en\/produkt\/bike-stand-smile-7-for-3-bikes\/","og_site_name":"Ecoprogress","og_image":[{"width":1592,"height":1090,"url":"https:\/\/ecoprogress.eu\/wp-content\/uploads\/Snimka-obrazovky-2021-07-08-o-11.23.51.png","type":"image\/png"}],"twitter_card":"summary_large_image","schema":{"@context":"https:\/\/schema.org","@graph":[{"@type":"WebPage","@id":"https:\/\/ecoprogress.eu\/en\/produkt\/bike-stand-smile-7-for-3-bikes\/","url":"https:\/\/ecoprogress.eu\/en\/produkt\/bike-stand-smile-7-for-3-bikes\/","name":"Modular rack type 7 for 3 bicycles | Ecoprogress","isPartOf":{"@id":"https:\/\/ecoprogress.eu\/en\/#website"},"primaryImageOfPage":{"@id":"https:\/\/ecoprogress.eu\/en\/produkt\/bike-stand-smile-7-for-3-bikes\/#primaryimage"},"image":{"@id":"https:\/\/ecoprogress.eu\/en\/produkt\/bike-stand-smile-7-for-3-bikes\/#primaryimage"},"thumbnailUrl":"https:\/\/ecoprogress.eu\/wp-content\/uploads\/Snimka-obrazovky-2021-07-08-o-11.23.51.png","datePublished":"2022-08-23T07:56:15+00:00","description":"Modular rack type 7 for 3 bicycles designed to park bicycles of all types and sizes. Also the one with disc brakes.","breadcrumb":{"@id":"https:\/\/ecoprogress.eu\/en\/produkt\/bike-stand-smile-7-for-3-bikes\/#breadcrumb"},"inLanguage":"en-US","potentialAction":[{"@type":"ReadAction","target":["https:\/\/ecoprogress.eu\/en\/produkt\/bike-stand-smile-7-for-3-bikes\/"]}]},{"@type":"ImageObject","inLanguage":"en-US","@id":"https:\/\/ecoprogress.eu\/en\/produkt\/bike-stand-smile-7-for-3-bikes\/#primaryimage","url":"https:\/\/ecoprogress.eu\/wp-content\/uploads\/Snimka-obrazovky-2021-07-08-o-11.23.51.png","contentUrl":"https:\/\/ecoprogress.eu\/wp-content\/uploads\/Snimka-obrazovky-2021-07-08-o-11.23.51.png","width":1592,"height":1090},{"@type":"BreadcrumbList","@id":"https:\/\/ecoprogress.eu\/en\/produkt\/bike-stand-smile-7-for-3-bikes\/#breadcrumb","itemListElement":[{"@type":"ListItem","position":1,"name":"Products","item":"https:\/\/ecoprogress.eu\/en\/products\/"},{"@type":"ListItem","position":2,"name":"Modular rack type 7 for 3 bicycles"}]},{"@type":"WebSite","@id":"https:\/\/ecoprogress.eu\/en\/#website","url":"https:\/\/ecoprogress.eu\/en\/","name":"Ecoprogress","description":"","publisher":{"@id":"https:\/\/ecoprogress.eu\/en\/#organization"},"potentialAction":[{"@type":"SearchAction","target":{"@type":"EntryPoint","urlTemplate":"https:\/\/ecoprogress.eu\/en\/?s={search_term_string}"},"query-input":{"@type":"PropertyValueSpecification","valueRequired":true,"valueName":"search_term_string"}}],"inLanguage":"en-US"},{"@type":"Organization","@id":"https:\/\/ecoprogress.eu\/en\/#organization","name":"Ecoprogress","url":"https:\/\/ecoprogress.eu\/en\/","logo":{"@type":"ImageObject","inLanguage":"en-US","@id":"https:\/\/ecoprogress.eu\/en\/#\/schema\/logo\/image\/","url":"https:\/\/ecoprogress.eu\/wp-content\/uploads\/logo-2.svg","contentUrl":"https:\/\/ecoprogress.eu\/wp-content\/uploads\/logo-2.svg","width":318,"height":349,"caption":"Ecoprogress"},"image":{"@id":"https:\/\/ecoprogress.eu\/en\/#\/schema\/logo\/image\/"}}]}},"_links":{"self":[{"href":"https:\/\/ecoprogress.eu\/en\/wp-json\/wp\/v2\/product\/24114","targetHints":{"allow":["GET"]}}],"collection":[{"href":"https:\/\/ecoprogress.eu\/en\/wp-json\/wp\/v2\/product"}],"about":[{"href":"https:\/\/ecoprogress.eu\/en\/wp-json\/wp\/v2\/types\/product"}],"version-history":[{"count":0,"href":"https:\/\/ecoprogress.eu\/en\/wp-json\/wp\/v2\/product\/24114\/revisions"}],"wp:featuredmedia":[{"embeddable":true,"href":"https:\/\/ecoprogress.eu\/en\/wp-json\/wp\/v2\/media\/18315"}],"wp:attachment":[{"href":"https:\/\/ecoprogress.eu\/en\/wp-json\/wp\/v2\/media?parent=24114"}],"wp:term":[{"taxonomy":"product_brand","embeddable":true,"href":"https:\/\/ecoprogress.eu\/en\/wp-json\/wp\/v2\/product_brand?post=24114"},{"taxonomy":"product_cat","embeddable":true,"href":"https:\/\/ecoprogress.eu\/en\/wp-json\/wp\/v2\/product_cat?post=24114"},{"taxonomy":"product_tag","embeddable":true,"href":"https:\/\/ecoprogress.eu\/en\/wp-json\/wp\/v2\/product_tag?post=24114"}],"curies":[{"name":"wp","href":"https:\/\/api.w.org\/{rel}","templated":true}]}}