{"id":28567,"date":"2022-03-15T18:05:16","date_gmt":"2022-08-23T13:08:59","guid":{"rendered":"https:\/\/ecoprogress.eu\/produkt\/shelter-type-15-for-20\/"},"modified":"2022-08-23T15:08:59","modified_gmt":"2022-08-23T13:08:59","slug":"pristresok-typ-15-pre-20-2","status":"publish","type":"product","link":"https:\/\/ecoprogress.eu\/en\/produkt\/pristresok-typ-15-pre-20-2\/","title":{"rendered":"Shelter type 15 for 20"},"content":{"rendered":"<ul>\n<li>high durability of the shelter &#8211; hot-dip galvanized steel construction<\/li>\n<li>possibility of shelter configuration &#8211; installation of additional shelter modules<\/li>\n<li>durable construction and strong mounting screws ensure the stability and resistance of the shelter, for example against strong wind gusts<\/li>\n<li>the structure can be painted in any RAL colour<\/li>\n<li>5-year manufacturer&#8217;s warranty<\/li>\n<\/ul>\n<p>Delivery 4-6 weeks (depending on stock levels)<\/p>\n\n<table id=\"tablepress-221\" class=\"tablepress tablepress-id-221\">\n<tbody class=\"row-striping row-hover\">\n<tr class=\"row-1\">\n\t<td class=\"column-1\">po\u010det stanov\u00edsk<\/td><td class=\"column-2\">20<\/td>\n<\/tr>\n<tr class=\"row-2\">\n\t<td class=\"column-1\">v\u00fd\u0161ka pr\u00edstre\u0161ku<\/td><td class=\"column-2\">220 cm<\/td>\n<\/tr>\n<tr class=\"row-3\">\n\t<td class=\"column-1\">\u0161\u00edrka pr\u00edstre\u0161ku<\/td><td class=\"column-2\">840 cm<\/td>\n<\/tr>\n<tr class=\"row-4\">\n\t<td class=\"column-1\">h\u013abka pr\u00edstre\u0161ku<\/td><td class=\"column-2\">190 cm<\/td>\n<\/tr>\n<tr class=\"row-5\">\n\t<td class=\"column-1\">materi\u00e1l<\/td><td class=\"column-2\">tvrden\u00e9 sklo 8 mm<\/td>\n<\/tr>\n<tr class=\"row-6\">\n\t<td class=\"column-1\">profil<\/td><td class=\"column-2\">80 x 60 x 3 mm<\/td>\n<\/tr>\n<\/tbody>\n<\/table>\n\n","protected":false},"excerpt":{"rendered":"<p>Bicycle shelter type 15 providing shelter for 20 bicycles. It features an interesting modern design. Also available in colour and stainless steel. We have complete project documentation for the shelter, including supporting and load-bearing documentation.<\/p>\n<p>ATTENTION!!! Bike racks are not included in the price.<\/p>\n<p>Please enter the RAL colour in the notes in the order form.<\/p>\n","protected":false},"featured_media":18845,"template":"","meta":[],"product_brand":[],"product_cat":[532],"product_tag":[],"class_list":{"0":"post-28567","1":"product","2":"type-product","3":"status-publish","4":"has-post-thumbnail","6":"product_cat-open-shelters","7":"product_shipping_class-shelters","9":"first","10":"instock","11":"featured","12":"taxable","13":"shipping-taxable","14":"purchasable","15":"product-type-variable"},"yoast_head":"<!-- This site is optimized with the Yoast SEO plugin v27.2 - https:\/\/yoast.com\/product\/yoast-seo-wordpress\/ -->\n<title>Shelter type 15 for 20 | Ecoprogress<\/title>\n<meta name=\"description\" content=\"Bicycle shelter type 15 providing shelter for 20 bicycles. It features an interesting modern design.\" \/>\n<meta name=\"robots\" content=\"index, follow, max-snippet:-1, max-image-preview:large, max-video-preview:-1\" \/>\n<link rel=\"canonical\" href=\"https:\/\/ecoprogress.eu\/en\/produkt\/pristresok-typ-15-pre-20-2\/\" \/>\n<meta property=\"og:locale\" content=\"en_US\" \/>\n<meta property=\"og:type\" content=\"article\" \/>\n<meta property=\"og:title\" content=\"Shelter type 15 for 20 | Ecoprogress\" \/>\n<meta property=\"og:description\" content=\"Bicycle shelter type 15 providing shelter for 20 bicycles. It features an interesting modern design.\" \/>\n<meta property=\"og:url\" content=\"https:\/\/ecoprogress.eu\/en\/produkt\/pristresok-typ-15-pre-20-2\/\" \/>\n<meta property=\"og:site_name\" content=\"Ecoprogress\" \/>\n<meta property=\"og:image\" content=\"https:\/\/ecoprogress.eu\/wp-content\/uploads\/pristresoktyp1515-.jpg\" \/>\n\t<meta property=\"og:image:width\" content=\"800\" \/>\n\t<meta property=\"og:image:height\" content=\"600\" \/>\n\t<meta property=\"og:image:type\" content=\"image\/jpeg\" \/>\n<meta name=\"twitter:card\" content=\"summary_large_image\" \/>\n<script type=\"application\/ld+json\" class=\"yoast-schema-graph\">{\"@context\":\"https:\/\/schema.org\",\"@graph\":[{\"@type\":\"WebPage\",\"@id\":\"https:\/\/ecoprogress.eu\/en\/produkt\/pristresok-typ-15-pre-20-2\/\",\"url\":\"https:\/\/ecoprogress.eu\/en\/produkt\/pristresok-typ-15-pre-20-2\/\",\"name\":\"Shelter type 15 for 20 | Ecoprogress\",\"isPartOf\":{\"@id\":\"https:\/\/ecoprogress.eu\/en\/#website\"},\"primaryImageOfPage\":{\"@id\":\"https:\/\/ecoprogress.eu\/en\/produkt\/pristresok-typ-15-pre-20-2\/#primaryimage\"},\"image\":{\"@id\":\"https:\/\/ecoprogress.eu\/en\/produkt\/pristresok-typ-15-pre-20-2\/#primaryimage\"},\"thumbnailUrl\":\"https:\/\/ecoprogress.eu\/wp-content\/uploads\/pristresoktyp1515-.jpg\",\"datePublished\":\"2022-08-23T13:08:59+00:00\",\"description\":\"Bicycle shelter type 15 providing shelter for 20 bicycles. It features an interesting modern design.\",\"breadcrumb\":{\"@id\":\"https:\/\/ecoprogress.eu\/en\/produkt\/pristresok-typ-15-pre-20-2\/#breadcrumb\"},\"inLanguage\":\"en-US\",\"potentialAction\":[{\"@type\":\"ReadAction\",\"target\":[\"https:\/\/ecoprogress.eu\/en\/produkt\/pristresok-typ-15-pre-20-2\/\"]}]},{\"@type\":\"ImageObject\",\"inLanguage\":\"en-US\",\"@id\":\"https:\/\/ecoprogress.eu\/en\/produkt\/pristresok-typ-15-pre-20-2\/#primaryimage\",\"url\":\"https:\/\/ecoprogress.eu\/wp-content\/uploads\/pristresoktyp1515-.jpg\",\"contentUrl\":\"https:\/\/ecoprogress.eu\/wp-content\/uploads\/pristresoktyp1515-.jpg\",\"width\":800,\"height\":600},{\"@type\":\"BreadcrumbList\",\"@id\":\"https:\/\/ecoprogress.eu\/en\/produkt\/pristresok-typ-15-pre-20-2\/#breadcrumb\",\"itemListElement\":[{\"@type\":\"ListItem\",\"position\":1,\"name\":\"Products\",\"item\":\"https:\/\/ecoprogress.eu\/en\/products\/\"},{\"@type\":\"ListItem\",\"position\":2,\"name\":\"Shelter type 15 for 20\"}]},{\"@type\":\"WebSite\",\"@id\":\"https:\/\/ecoprogress.eu\/en\/#website\",\"url\":\"https:\/\/ecoprogress.eu\/en\/\",\"name\":\"Ecoprogress\",\"description\":\"\",\"publisher\":{\"@id\":\"https:\/\/ecoprogress.eu\/en\/#organization\"},\"potentialAction\":[{\"@type\":\"SearchAction\",\"target\":{\"@type\":\"EntryPoint\",\"urlTemplate\":\"https:\/\/ecoprogress.eu\/en\/?s={search_term_string}\"},\"query-input\":{\"@type\":\"PropertyValueSpecification\",\"valueRequired\":true,\"valueName\":\"search_term_string\"}}],\"inLanguage\":\"en-US\"},{\"@type\":\"Organization\",\"@id\":\"https:\/\/ecoprogress.eu\/en\/#organization\",\"name\":\"Ecoprogress\",\"url\":\"https:\/\/ecoprogress.eu\/en\/\",\"logo\":{\"@type\":\"ImageObject\",\"inLanguage\":\"en-US\",\"@id\":\"https:\/\/ecoprogress.eu\/en\/#\/schema\/logo\/image\/\",\"url\":\"https:\/\/ecoprogress.eu\/wp-content\/uploads\/logo-2.svg\",\"contentUrl\":\"https:\/\/ecoprogress.eu\/wp-content\/uploads\/logo-2.svg\",\"width\":318,\"height\":349,\"caption\":\"Ecoprogress\"},\"image\":{\"@id\":\"https:\/\/ecoprogress.eu\/en\/#\/schema\/logo\/image\/\"}}]}<\/script>\n<!-- \/ Yoast SEO plugin. -->","yoast_head_json":{"title":"Shelter type 15 for 20 | Ecoprogress","description":"Bicycle shelter type 15 providing shelter for 20 bicycles. It features an interesting modern design.","robots":{"index":"index","follow":"follow","max-snippet":"max-snippet:-1","max-image-preview":"max-image-preview:large","max-video-preview":"max-video-preview:-1"},"canonical":"https:\/\/ecoprogress.eu\/en\/produkt\/pristresok-typ-15-pre-20-2\/","og_locale":"en_US","og_type":"article","og_title":"Shelter type 15 for 20 | Ecoprogress","og_description":"Bicycle shelter type 15 providing shelter for 20 bicycles. It features an interesting modern design.","og_url":"https:\/\/ecoprogress.eu\/en\/produkt\/pristresok-typ-15-pre-20-2\/","og_site_name":"Ecoprogress","og_image":[{"width":800,"height":600,"url":"https:\/\/ecoprogress.eu\/wp-content\/uploads\/pristresoktyp1515-.jpg","type":"image\/jpeg"}],"twitter_card":"summary_large_image","schema":{"@context":"https:\/\/schema.org","@graph":[{"@type":"WebPage","@id":"https:\/\/ecoprogress.eu\/en\/produkt\/pristresok-typ-15-pre-20-2\/","url":"https:\/\/ecoprogress.eu\/en\/produkt\/pristresok-typ-15-pre-20-2\/","name":"Shelter type 15 for 20 | Ecoprogress","isPartOf":{"@id":"https:\/\/ecoprogress.eu\/en\/#website"},"primaryImageOfPage":{"@id":"https:\/\/ecoprogress.eu\/en\/produkt\/pristresok-typ-15-pre-20-2\/#primaryimage"},"image":{"@id":"https:\/\/ecoprogress.eu\/en\/produkt\/pristresok-typ-15-pre-20-2\/#primaryimage"},"thumbnailUrl":"https:\/\/ecoprogress.eu\/wp-content\/uploads\/pristresoktyp1515-.jpg","datePublished":"2022-08-23T13:08:59+00:00","description":"Bicycle shelter type 15 providing shelter for 20 bicycles. It features an interesting modern design.","breadcrumb":{"@id":"https:\/\/ecoprogress.eu\/en\/produkt\/pristresok-typ-15-pre-20-2\/#breadcrumb"},"inLanguage":"en-US","potentialAction":[{"@type":"ReadAction","target":["https:\/\/ecoprogress.eu\/en\/produkt\/pristresok-typ-15-pre-20-2\/"]}]},{"@type":"ImageObject","inLanguage":"en-US","@id":"https:\/\/ecoprogress.eu\/en\/produkt\/pristresok-typ-15-pre-20-2\/#primaryimage","url":"https:\/\/ecoprogress.eu\/wp-content\/uploads\/pristresoktyp1515-.jpg","contentUrl":"https:\/\/ecoprogress.eu\/wp-content\/uploads\/pristresoktyp1515-.jpg","width":800,"height":600},{"@type":"BreadcrumbList","@id":"https:\/\/ecoprogress.eu\/en\/produkt\/pristresok-typ-15-pre-20-2\/#breadcrumb","itemListElement":[{"@type":"ListItem","position":1,"name":"Products","item":"https:\/\/ecoprogress.eu\/en\/products\/"},{"@type":"ListItem","position":2,"name":"Shelter type 15 for 20"}]},{"@type":"WebSite","@id":"https:\/\/ecoprogress.eu\/en\/#website","url":"https:\/\/ecoprogress.eu\/en\/","name":"Ecoprogress","description":"","publisher":{"@id":"https:\/\/ecoprogress.eu\/en\/#organization"},"potentialAction":[{"@type":"SearchAction","target":{"@type":"EntryPoint","urlTemplate":"https:\/\/ecoprogress.eu\/en\/?s={search_term_string}"},"query-input":{"@type":"PropertyValueSpecification","valueRequired":true,"valueName":"search_term_string"}}],"inLanguage":"en-US"},{"@type":"Organization","@id":"https:\/\/ecoprogress.eu\/en\/#organization","name":"Ecoprogress","url":"https:\/\/ecoprogress.eu\/en\/","logo":{"@type":"ImageObject","inLanguage":"en-US","@id":"https:\/\/ecoprogress.eu\/en\/#\/schema\/logo\/image\/","url":"https:\/\/ecoprogress.eu\/wp-content\/uploads\/logo-2.svg","contentUrl":"https:\/\/ecoprogress.eu\/wp-content\/uploads\/logo-2.svg","width":318,"height":349,"caption":"Ecoprogress"},"image":{"@id":"https:\/\/ecoprogress.eu\/en\/#\/schema\/logo\/image\/"}}]}},"_links":{"self":[{"href":"https:\/\/ecoprogress.eu\/en\/wp-json\/wp\/v2\/product\/28567","targetHints":{"allow":["GET"]}}],"collection":[{"href":"https:\/\/ecoprogress.eu\/en\/wp-json\/wp\/v2\/product"}],"about":[{"href":"https:\/\/ecoprogress.eu\/en\/wp-json\/wp\/v2\/types\/product"}],"version-history":[{"count":0,"href":"https:\/\/ecoprogress.eu\/en\/wp-json\/wp\/v2\/product\/28567\/revisions"}],"wp:featuredmedia":[{"embeddable":true,"href":"https:\/\/ecoprogress.eu\/en\/wp-json\/wp\/v2\/media\/18845"}],"wp:attachment":[{"href":"https:\/\/ecoprogress.eu\/en\/wp-json\/wp\/v2\/media?parent=28567"}],"wp:term":[{"taxonomy":"product_brand","embeddable":true,"href":"https:\/\/ecoprogress.eu\/en\/wp-json\/wp\/v2\/product_brand?post=28567"},{"taxonomy":"product_cat","embeddable":true,"href":"https:\/\/ecoprogress.eu\/en\/wp-json\/wp\/v2\/product_cat?post=28567"},{"taxonomy":"product_tag","embeddable":true,"href":"https:\/\/ecoprogress.eu\/en\/wp-json\/wp\/v2\/product_tag?post=28567"}],"curies":[{"name":"wp","href":"https:\/\/api.w.org\/{rel}","templated":true}]}}