{"id":29082,"date":"2022-03-15T14:55:47","date_gmt":"2022-08-23T13:09:26","guid":{"rendered":"https:\/\/ecoprogress.eu\/produkt\/shelter-type-1-for-30-bicycles\/"},"modified":"2022-08-23T15:09:26","modified_gmt":"2022-08-23T13:09:26","slug":"pristresok-typ-1-for-30-bicycles-copy","status":"publish","type":"product","link":"https:\/\/ecoprogress.eu\/en\/produkt\/pristresok-typ-1-for-30-bicycles-copy\/","title":{"rendered":"Shelter type 1 for 30 bicycles"},"content":{"rendered":"<p>Delivery 4-6 weeks (depending on stock levels)<\/p>\n\n<table id=\"tablepress-199\" class=\"tablepress tablepress-id-199\">\n<tbody class=\"row-striping row-hover\">\n<tr class=\"row-1\">\n\t<td class=\"column-1\">po\u010det stanov\u00edsk<\/td><td class=\"column-2\">30<\/td>\n<\/tr>\n<tr class=\"row-2\">\n\t<td class=\"column-1\">v\u00fd\u0161ka pr\u00edstre\u0161ku<\/td><td class=\"column-2\">232 cm<\/td>\n<\/tr>\n<tr class=\"row-3\">\n\t<td class=\"column-1\">\u0161\u00edrka pr\u00edstre\u0161ku<\/td><td class=\"column-2\">1260 cm<\/td>\n<\/tr>\n<tr class=\"row-4\">\n\t<td class=\"column-1\">h\u013abka pr\u00edstre\u0161ku<\/td><td class=\"column-2\">220cm<\/td>\n<\/tr>\n<tr class=\"row-5\">\n\t<td class=\"column-1\">materi\u00e1l<\/td><td class=\"column-2\">komorov\u00fd polykarbon\u00e1t 0,8 cm<\/td>\n<\/tr>\n<tr class=\"row-6\">\n\t<td class=\"column-1\">nosn\u00e1 kon\u0161trukcia<\/td><td class=\"column-2\">profil 60 x 60 x 3 mm<\/td>\n<\/tr>\n<tr class=\"row-7\">\n\t<td class=\"column-1\">kon\u0161trukcia<\/td><td class=\"column-2\">profil 80 x 30 x 3 mm, 60 x 60 x 3 mm, 60 x 60 x 3 mm<\/td>\n<\/tr>\n<tr class=\"row-8\">\n\t<td class=\"column-1\">materi\u00e1l kon\u0161trukcie<\/td><td class=\"column-2\">oce\u013e pozinkovan\u00e1, oce\u013e pozinkovan\u00ed ma\u013eovan\u00e1, nehrdzavej\u00faca oce\u013e<\/td>\n<\/tr>\n<tr class=\"row-9\">\n\t<td class=\"column-1\">ukotvenie<\/td><td class=\"column-2\">zabet\u00f3novanie alebo skrutkami<\/td>\n<\/tr>\n<\/tbody>\n<\/table>\n\n","protected":false},"excerpt":{"rendered":"<p>Bicycle shelter type 1 providing shelter for 30 bicycles. In addition to the roof, it has side and rear walls that provide additional protection for the bikes. It is fully compatible with our stands. We have complete project documentation for the shelter, including supporting and load-bearing documentation.<\/p>\n<p>ATTENTION!!! Bike racks are not included in the price.<\/p>\n","protected":false},"featured_media":18874,"template":"","meta":[],"product_brand":[],"product_cat":[532],"product_tag":[],"class_list":{"0":"post-29082","1":"product","2":"type-product","3":"status-publish","4":"has-post-thumbnail","6":"product_cat-open-shelters","7":"product_shipping_class-shelters","9":"first","10":"instock","11":"featured","12":"taxable","13":"shipping-taxable","14":"purchasable","15":"product-type-variable"},"yoast_head":"<!-- This site is optimized with the Yoast SEO plugin v27.2 - https:\/\/yoast.com\/product\/yoast-seo-wordpress\/ -->\n<title>Shelter type 1 for 30 bicycles | Ecoprogress<\/title>\n<meta name=\"description\" content=\"Bicycle shelter type 1 providing shelter for 30 bicycles. It has side and rear walls that provide additional protection for bikes.\" \/>\n<meta name=\"robots\" content=\"index, follow, max-snippet:-1, max-image-preview:large, max-video-preview:-1\" \/>\n<link rel=\"canonical\" href=\"https:\/\/ecoprogress.eu\/en\/produkt\/pristresok-typ-1-for-30-bicycles-copy\/\" \/>\n<meta property=\"og:locale\" content=\"en_US\" \/>\n<meta property=\"og:type\" content=\"article\" \/>\n<meta property=\"og:title\" content=\"Shelter type 1 for 30 bicycles | Ecoprogress\" \/>\n<meta property=\"og:description\" content=\"Bicycle shelter type 1 providing shelter for 30 bicycles. It has side and rear walls that provide additional protection for bikes.\" \/>\n<meta property=\"og:url\" content=\"https:\/\/ecoprogress.eu\/en\/produkt\/pristresok-typ-1-for-30-bicycles-copy\/\" \/>\n<meta property=\"og:site_name\" content=\"Ecoprogress\" \/>\n<meta property=\"og:image\" content=\"https:\/\/ecoprogress.eu\/wp-content\/uploads\/pristresoktyp130.jpg\" \/>\n\t<meta property=\"og:image:width\" content=\"800\" \/>\n\t<meta property=\"og:image:height\" content=\"600\" \/>\n\t<meta property=\"og:image:type\" content=\"image\/jpeg\" \/>\n<meta name=\"twitter:card\" content=\"summary_large_image\" \/>\n<script type=\"application\/ld+json\" class=\"yoast-schema-graph\">{\"@context\":\"https:\/\/schema.org\",\"@graph\":[{\"@type\":\"WebPage\",\"@id\":\"https:\/\/ecoprogress.eu\/en\/produkt\/pristresok-typ-1-for-30-bicycles-copy\/\",\"url\":\"https:\/\/ecoprogress.eu\/en\/produkt\/pristresok-typ-1-for-30-bicycles-copy\/\",\"name\":\"Shelter type 1 for 30 bicycles | Ecoprogress\",\"isPartOf\":{\"@id\":\"https:\/\/ecoprogress.eu\/en\/#website\"},\"primaryImageOfPage\":{\"@id\":\"https:\/\/ecoprogress.eu\/en\/produkt\/pristresok-typ-1-for-30-bicycles-copy\/#primaryimage\"},\"image\":{\"@id\":\"https:\/\/ecoprogress.eu\/en\/produkt\/pristresok-typ-1-for-30-bicycles-copy\/#primaryimage\"},\"thumbnailUrl\":\"https:\/\/ecoprogress.eu\/wp-content\/uploads\/pristresoktyp130.jpg\",\"datePublished\":\"2022-08-23T13:09:26+00:00\",\"description\":\"Bicycle shelter type 1 providing shelter for 30 bicycles. It has side and rear walls that provide additional protection for bikes.\",\"breadcrumb\":{\"@id\":\"https:\/\/ecoprogress.eu\/en\/produkt\/pristresok-typ-1-for-30-bicycles-copy\/#breadcrumb\"},\"inLanguage\":\"en-US\",\"potentialAction\":[{\"@type\":\"ReadAction\",\"target\":[\"https:\/\/ecoprogress.eu\/en\/produkt\/pristresok-typ-1-for-30-bicycles-copy\/\"]}]},{\"@type\":\"ImageObject\",\"inLanguage\":\"en-US\",\"@id\":\"https:\/\/ecoprogress.eu\/en\/produkt\/pristresok-typ-1-for-30-bicycles-copy\/#primaryimage\",\"url\":\"https:\/\/ecoprogress.eu\/wp-content\/uploads\/pristresoktyp130.jpg\",\"contentUrl\":\"https:\/\/ecoprogress.eu\/wp-content\/uploads\/pristresoktyp130.jpg\",\"width\":800,\"height\":600},{\"@type\":\"BreadcrumbList\",\"@id\":\"https:\/\/ecoprogress.eu\/en\/produkt\/pristresok-typ-1-for-30-bicycles-copy\/#breadcrumb\",\"itemListElement\":[{\"@type\":\"ListItem\",\"position\":1,\"name\":\"Products\",\"item\":\"https:\/\/ecoprogress.eu\/en\/products\/\"},{\"@type\":\"ListItem\",\"position\":2,\"name\":\"Shelter type 1 for 30 bicycles\"}]},{\"@type\":\"WebSite\",\"@id\":\"https:\/\/ecoprogress.eu\/en\/#website\",\"url\":\"https:\/\/ecoprogress.eu\/en\/\",\"name\":\"Ecoprogress\",\"description\":\"\",\"publisher\":{\"@id\":\"https:\/\/ecoprogress.eu\/en\/#organization\"},\"potentialAction\":[{\"@type\":\"SearchAction\",\"target\":{\"@type\":\"EntryPoint\",\"urlTemplate\":\"https:\/\/ecoprogress.eu\/en\/?s={search_term_string}\"},\"query-input\":{\"@type\":\"PropertyValueSpecification\",\"valueRequired\":true,\"valueName\":\"search_term_string\"}}],\"inLanguage\":\"en-US\"},{\"@type\":\"Organization\",\"@id\":\"https:\/\/ecoprogress.eu\/en\/#organization\",\"name\":\"Ecoprogress\",\"url\":\"https:\/\/ecoprogress.eu\/en\/\",\"logo\":{\"@type\":\"ImageObject\",\"inLanguage\":\"en-US\",\"@id\":\"https:\/\/ecoprogress.eu\/en\/#\/schema\/logo\/image\/\",\"url\":\"https:\/\/ecoprogress.eu\/wp-content\/uploads\/logo-2.svg\",\"contentUrl\":\"https:\/\/ecoprogress.eu\/wp-content\/uploads\/logo-2.svg\",\"width\":318,\"height\":349,\"caption\":\"Ecoprogress\"},\"image\":{\"@id\":\"https:\/\/ecoprogress.eu\/en\/#\/schema\/logo\/image\/\"}}]}<\/script>\n<!-- \/ Yoast SEO plugin. -->","yoast_head_json":{"title":"Shelter type 1 for 30 bicycles | Ecoprogress","description":"Bicycle shelter type 1 providing shelter for 30 bicycles. It has side and rear walls that provide additional protection for bikes.","robots":{"index":"index","follow":"follow","max-snippet":"max-snippet:-1","max-image-preview":"max-image-preview:large","max-video-preview":"max-video-preview:-1"},"canonical":"https:\/\/ecoprogress.eu\/en\/produkt\/pristresok-typ-1-for-30-bicycles-copy\/","og_locale":"en_US","og_type":"article","og_title":"Shelter type 1 for 30 bicycles | Ecoprogress","og_description":"Bicycle shelter type 1 providing shelter for 30 bicycles. It has side and rear walls that provide additional protection for bikes.","og_url":"https:\/\/ecoprogress.eu\/en\/produkt\/pristresok-typ-1-for-30-bicycles-copy\/","og_site_name":"Ecoprogress","og_image":[{"width":800,"height":600,"url":"https:\/\/ecoprogress.eu\/wp-content\/uploads\/pristresoktyp130.jpg","type":"image\/jpeg"}],"twitter_card":"summary_large_image","schema":{"@context":"https:\/\/schema.org","@graph":[{"@type":"WebPage","@id":"https:\/\/ecoprogress.eu\/en\/produkt\/pristresok-typ-1-for-30-bicycles-copy\/","url":"https:\/\/ecoprogress.eu\/en\/produkt\/pristresok-typ-1-for-30-bicycles-copy\/","name":"Shelter type 1 for 30 bicycles | Ecoprogress","isPartOf":{"@id":"https:\/\/ecoprogress.eu\/en\/#website"},"primaryImageOfPage":{"@id":"https:\/\/ecoprogress.eu\/en\/produkt\/pristresok-typ-1-for-30-bicycles-copy\/#primaryimage"},"image":{"@id":"https:\/\/ecoprogress.eu\/en\/produkt\/pristresok-typ-1-for-30-bicycles-copy\/#primaryimage"},"thumbnailUrl":"https:\/\/ecoprogress.eu\/wp-content\/uploads\/pristresoktyp130.jpg","datePublished":"2022-08-23T13:09:26+00:00","description":"Bicycle shelter type 1 providing shelter for 30 bicycles. It has side and rear walls that provide additional protection for bikes.","breadcrumb":{"@id":"https:\/\/ecoprogress.eu\/en\/produkt\/pristresok-typ-1-for-30-bicycles-copy\/#breadcrumb"},"inLanguage":"en-US","potentialAction":[{"@type":"ReadAction","target":["https:\/\/ecoprogress.eu\/en\/produkt\/pristresok-typ-1-for-30-bicycles-copy\/"]}]},{"@type":"ImageObject","inLanguage":"en-US","@id":"https:\/\/ecoprogress.eu\/en\/produkt\/pristresok-typ-1-for-30-bicycles-copy\/#primaryimage","url":"https:\/\/ecoprogress.eu\/wp-content\/uploads\/pristresoktyp130.jpg","contentUrl":"https:\/\/ecoprogress.eu\/wp-content\/uploads\/pristresoktyp130.jpg","width":800,"height":600},{"@type":"BreadcrumbList","@id":"https:\/\/ecoprogress.eu\/en\/produkt\/pristresok-typ-1-for-30-bicycles-copy\/#breadcrumb","itemListElement":[{"@type":"ListItem","position":1,"name":"Products","item":"https:\/\/ecoprogress.eu\/en\/products\/"},{"@type":"ListItem","position":2,"name":"Shelter type 1 for 30 bicycles"}]},{"@type":"WebSite","@id":"https:\/\/ecoprogress.eu\/en\/#website","url":"https:\/\/ecoprogress.eu\/en\/","name":"Ecoprogress","description":"","publisher":{"@id":"https:\/\/ecoprogress.eu\/en\/#organization"},"potentialAction":[{"@type":"SearchAction","target":{"@type":"EntryPoint","urlTemplate":"https:\/\/ecoprogress.eu\/en\/?s={search_term_string}"},"query-input":{"@type":"PropertyValueSpecification","valueRequired":true,"valueName":"search_term_string"}}],"inLanguage":"en-US"},{"@type":"Organization","@id":"https:\/\/ecoprogress.eu\/en\/#organization","name":"Ecoprogress","url":"https:\/\/ecoprogress.eu\/en\/","logo":{"@type":"ImageObject","inLanguage":"en-US","@id":"https:\/\/ecoprogress.eu\/en\/#\/schema\/logo\/image\/","url":"https:\/\/ecoprogress.eu\/wp-content\/uploads\/logo-2.svg","contentUrl":"https:\/\/ecoprogress.eu\/wp-content\/uploads\/logo-2.svg","width":318,"height":349,"caption":"Ecoprogress"},"image":{"@id":"https:\/\/ecoprogress.eu\/en\/#\/schema\/logo\/image\/"}}]}},"_links":{"self":[{"href":"https:\/\/ecoprogress.eu\/en\/wp-json\/wp\/v2\/product\/29082","targetHints":{"allow":["GET"]}}],"collection":[{"href":"https:\/\/ecoprogress.eu\/en\/wp-json\/wp\/v2\/product"}],"about":[{"href":"https:\/\/ecoprogress.eu\/en\/wp-json\/wp\/v2\/types\/product"}],"version-history":[{"count":0,"href":"https:\/\/ecoprogress.eu\/en\/wp-json\/wp\/v2\/product\/29082\/revisions"}],"wp:featuredmedia":[{"embeddable":true,"href":"https:\/\/ecoprogress.eu\/en\/wp-json\/wp\/v2\/media\/18874"}],"wp:attachment":[{"href":"https:\/\/ecoprogress.eu\/en\/wp-json\/wp\/v2\/media?parent=29082"}],"wp:term":[{"taxonomy":"product_brand","embeddable":true,"href":"https:\/\/ecoprogress.eu\/en\/wp-json\/wp\/v2\/product_brand?post=29082"},{"taxonomy":"product_cat","embeddable":true,"href":"https:\/\/ecoprogress.eu\/en\/wp-json\/wp\/v2\/product_cat?post=29082"},{"taxonomy":"product_tag","embeddable":true,"href":"https:\/\/ecoprogress.eu\/en\/wp-json\/wp\/v2\/product_tag?post=29082"}],"curies":[{"name":"wp","href":"https:\/\/api.w.org\/{rel}","templated":true}]}}