{"id":29159,"date":"2022-03-15T15:27:11","date_gmt":"2022-08-23T13:09:29","guid":{"rendered":"https:\/\/ecoprogress.eu\/produkt\/shelter-type-14-for-10\/"},"modified":"2022-08-23T15:09:29","modified_gmt":"2022-08-23T13:09:29","slug":"pristresok-typ-14-pre-10-2","status":"publish","type":"product","link":"https:\/\/ecoprogress.eu\/en\/produkt\/pristresok-typ-14-pre-10-2\/","title":{"rendered":"Shelter type 14 for 10"},"content":{"rendered":"<ul>\n<li>high durability of the shelter &#8211; hot-dip galvanized steel construction<\/li>\n<li>possibility of shelter configuration &#8211; installation of additional shelter modules<\/li>\n<li>durable construction and strong mounting screws ensure the stability and resistance of the shelter, for example against strong wind gusts<\/li>\n<li>the structure can be painted in any RAL colour<\/li>\n<li>5-year manufacturer&#8217;s warranty<\/li>\n<\/ul>\n<p>Delivery 4-6 weeks (depending on stock levels)<\/p>\n\n<table id=\"tablepress-208\" class=\"tablepress tablepress-id-208\">\n<tbody class=\"row-striping row-hover\">\n<tr class=\"row-1\">\n\t<td class=\"column-1\">po\u010det stanov\u00edsk<\/td><td class=\"column-2\">10<\/td>\n<\/tr>\n<tr class=\"row-2\">\n\t<td class=\"column-1\">v\u00fd\u0161ka pr\u00edstre\u0161ku<\/td><td class=\"column-2\">230 cm<\/td>\n<\/tr>\n<tr class=\"row-3\">\n\t<td class=\"column-1\">\u0161\u00edrka pr\u00edstre\u0161ku<\/td><td class=\"column-2\">420 cm<\/td>\n<\/tr>\n<tr class=\"row-4\">\n\t<td class=\"column-1\">h\u013abka pr\u00edstre\u0161ku<\/td><td class=\"column-2\">210 cm<\/td>\n<\/tr>\n<tr class=\"row-5\">\n\t<td class=\"column-1\">materi\u00e1l<\/td><td class=\"column-2\">pevn\u00fd polykarbon\u00e1t 5 mm<\/td>\n<\/tr>\n<tr class=\"row-6\">\n\t<td class=\"column-1\">ukotvenie<\/td><td class=\"column-2\">zabet\u00f3novanie alebo skrutkami<\/td>\n<\/tr>\n<\/tbody>\n<\/table>\n<!-- #tablepress-208 from cache -->\n","protected":false},"excerpt":{"rendered":"<p>Bicycle shelter type 14 providing shelter for 10 bicycles. It features an interesting &#8211; modern design. Also available in colour and stainless steel.<\/p>\n<p>ATTENTION!!! Bike racks are not included in the price.<\/p>\n<p>Please enter the RAL colour in the notes in the order form.<\/p>\n","protected":false},"featured_media":18903,"template":"","meta":[],"product_brand":[],"product_cat":[532],"product_tag":[],"class_list":{"0":"post-29159","1":"product","2":"type-product","3":"status-publish","4":"has-post-thumbnail","6":"product_cat-open-shelters","7":"product_shipping_class-shelters","9":"first","10":"instock","11":"featured","12":"taxable","13":"shipping-taxable","14":"purchasable","15":"product-type-variable"},"yoast_head":"<!-- This site is optimized with the Yoast SEO plugin v27.2 - https:\/\/yoast.com\/product\/yoast-seo-wordpress\/ -->\n<title>Shelter type 14 for 10 | Ecoprogress<\/title>\n<meta name=\"description\" content=\"Bicycle shelter type 14 providing shelter for 10 bicycles. It features an interesting - modern design.\" \/>\n<meta name=\"robots\" content=\"index, follow, max-snippet:-1, max-image-preview:large, max-video-preview:-1\" \/>\n<link rel=\"canonical\" href=\"https:\/\/ecoprogress.eu\/en\/produkt\/pristresok-typ-14-pre-10-2\/\" \/>\n<meta property=\"og:locale\" content=\"en_US\" \/>\n<meta property=\"og:type\" content=\"article\" \/>\n<meta property=\"og:title\" content=\"Shelter type 14 for 10 | Ecoprogress\" \/>\n<meta property=\"og:description\" content=\"Bicycle shelter type 14 providing shelter for 10 bicycles. It features an interesting - modern design.\" \/>\n<meta property=\"og:url\" content=\"https:\/\/ecoprogress.eu\/en\/produkt\/pristresok-typ-14-pre-10-2\/\" \/>\n<meta property=\"og:site_name\" content=\"Ecoprogress\" \/>\n<meta property=\"og:image\" content=\"https:\/\/ecoprogress.eu\/wp-content\/uploads\/pristresoktyp14.jpg\" \/>\n\t<meta property=\"og:image:width\" content=\"800\" \/>\n\t<meta property=\"og:image:height\" content=\"600\" \/>\n\t<meta property=\"og:image:type\" content=\"image\/jpeg\" \/>\n<meta name=\"twitter:card\" content=\"summary_large_image\" \/>\n<script type=\"application\/ld+json\" class=\"yoast-schema-graph\">{\"@context\":\"https:\/\/schema.org\",\"@graph\":[{\"@type\":\"WebPage\",\"@id\":\"https:\/\/ecoprogress.eu\/en\/produkt\/pristresok-typ-14-pre-10-2\/\",\"url\":\"https:\/\/ecoprogress.eu\/en\/produkt\/pristresok-typ-14-pre-10-2\/\",\"name\":\"Shelter type 14 for 10 | Ecoprogress\",\"isPartOf\":{\"@id\":\"https:\/\/ecoprogress.eu\/en\/#website\"},\"primaryImageOfPage\":{\"@id\":\"https:\/\/ecoprogress.eu\/en\/produkt\/pristresok-typ-14-pre-10-2\/#primaryimage\"},\"image\":{\"@id\":\"https:\/\/ecoprogress.eu\/en\/produkt\/pristresok-typ-14-pre-10-2\/#primaryimage\"},\"thumbnailUrl\":\"https:\/\/ecoprogress.eu\/wp-content\/uploads\/pristresoktyp14.jpg\",\"datePublished\":\"2022-08-23T13:09:29+00:00\",\"description\":\"Bicycle shelter type 14 providing shelter for 10 bicycles. It features an interesting - modern design.\",\"breadcrumb\":{\"@id\":\"https:\/\/ecoprogress.eu\/en\/produkt\/pristresok-typ-14-pre-10-2\/#breadcrumb\"},\"inLanguage\":\"en-US\",\"potentialAction\":[{\"@type\":\"ReadAction\",\"target\":[\"https:\/\/ecoprogress.eu\/en\/produkt\/pristresok-typ-14-pre-10-2\/\"]}]},{\"@type\":\"ImageObject\",\"inLanguage\":\"en-US\",\"@id\":\"https:\/\/ecoprogress.eu\/en\/produkt\/pristresok-typ-14-pre-10-2\/#primaryimage\",\"url\":\"https:\/\/ecoprogress.eu\/wp-content\/uploads\/pristresoktyp14.jpg\",\"contentUrl\":\"https:\/\/ecoprogress.eu\/wp-content\/uploads\/pristresoktyp14.jpg\",\"width\":800,\"height\":600},{\"@type\":\"BreadcrumbList\",\"@id\":\"https:\/\/ecoprogress.eu\/en\/produkt\/pristresok-typ-14-pre-10-2\/#breadcrumb\",\"itemListElement\":[{\"@type\":\"ListItem\",\"position\":1,\"name\":\"Products\",\"item\":\"https:\/\/ecoprogress.eu\/en\/products\/\"},{\"@type\":\"ListItem\",\"position\":2,\"name\":\"Shelter type 14 for 10\"}]},{\"@type\":\"WebSite\",\"@id\":\"https:\/\/ecoprogress.eu\/en\/#website\",\"url\":\"https:\/\/ecoprogress.eu\/en\/\",\"name\":\"Ecoprogress\",\"description\":\"\",\"publisher\":{\"@id\":\"https:\/\/ecoprogress.eu\/en\/#organization\"},\"potentialAction\":[{\"@type\":\"SearchAction\",\"target\":{\"@type\":\"EntryPoint\",\"urlTemplate\":\"https:\/\/ecoprogress.eu\/en\/?s={search_term_string}\"},\"query-input\":{\"@type\":\"PropertyValueSpecification\",\"valueRequired\":true,\"valueName\":\"search_term_string\"}}],\"inLanguage\":\"en-US\"},{\"@type\":\"Organization\",\"@id\":\"https:\/\/ecoprogress.eu\/en\/#organization\",\"name\":\"Ecoprogress\",\"url\":\"https:\/\/ecoprogress.eu\/en\/\",\"logo\":{\"@type\":\"ImageObject\",\"inLanguage\":\"en-US\",\"@id\":\"https:\/\/ecoprogress.eu\/en\/#\/schema\/logo\/image\/\",\"url\":\"https:\/\/ecoprogress.eu\/wp-content\/uploads\/logo-2.svg\",\"contentUrl\":\"https:\/\/ecoprogress.eu\/wp-content\/uploads\/logo-2.svg\",\"width\":318,\"height\":349,\"caption\":\"Ecoprogress\"},\"image\":{\"@id\":\"https:\/\/ecoprogress.eu\/en\/#\/schema\/logo\/image\/\"}}]}<\/script>\n<!-- \/ Yoast SEO plugin. -->","yoast_head_json":{"title":"Shelter type 14 for 10 | Ecoprogress","description":"Bicycle shelter type 14 providing shelter for 10 bicycles. It features an interesting - modern design.","robots":{"index":"index","follow":"follow","max-snippet":"max-snippet:-1","max-image-preview":"max-image-preview:large","max-video-preview":"max-video-preview:-1"},"canonical":"https:\/\/ecoprogress.eu\/en\/produkt\/pristresok-typ-14-pre-10-2\/","og_locale":"en_US","og_type":"article","og_title":"Shelter type 14 for 10 | Ecoprogress","og_description":"Bicycle shelter type 14 providing shelter for 10 bicycles. It features an interesting - modern design.","og_url":"https:\/\/ecoprogress.eu\/en\/produkt\/pristresok-typ-14-pre-10-2\/","og_site_name":"Ecoprogress","og_image":[{"width":800,"height":600,"url":"https:\/\/ecoprogress.eu\/wp-content\/uploads\/pristresoktyp14.jpg","type":"image\/jpeg"}],"twitter_card":"summary_large_image","schema":{"@context":"https:\/\/schema.org","@graph":[{"@type":"WebPage","@id":"https:\/\/ecoprogress.eu\/en\/produkt\/pristresok-typ-14-pre-10-2\/","url":"https:\/\/ecoprogress.eu\/en\/produkt\/pristresok-typ-14-pre-10-2\/","name":"Shelter type 14 for 10 | Ecoprogress","isPartOf":{"@id":"https:\/\/ecoprogress.eu\/en\/#website"},"primaryImageOfPage":{"@id":"https:\/\/ecoprogress.eu\/en\/produkt\/pristresok-typ-14-pre-10-2\/#primaryimage"},"image":{"@id":"https:\/\/ecoprogress.eu\/en\/produkt\/pristresok-typ-14-pre-10-2\/#primaryimage"},"thumbnailUrl":"https:\/\/ecoprogress.eu\/wp-content\/uploads\/pristresoktyp14.jpg","datePublished":"2022-08-23T13:09:29+00:00","description":"Bicycle shelter type 14 providing shelter for 10 bicycles. It features an interesting - modern design.","breadcrumb":{"@id":"https:\/\/ecoprogress.eu\/en\/produkt\/pristresok-typ-14-pre-10-2\/#breadcrumb"},"inLanguage":"en-US","potentialAction":[{"@type":"ReadAction","target":["https:\/\/ecoprogress.eu\/en\/produkt\/pristresok-typ-14-pre-10-2\/"]}]},{"@type":"ImageObject","inLanguage":"en-US","@id":"https:\/\/ecoprogress.eu\/en\/produkt\/pristresok-typ-14-pre-10-2\/#primaryimage","url":"https:\/\/ecoprogress.eu\/wp-content\/uploads\/pristresoktyp14.jpg","contentUrl":"https:\/\/ecoprogress.eu\/wp-content\/uploads\/pristresoktyp14.jpg","width":800,"height":600},{"@type":"BreadcrumbList","@id":"https:\/\/ecoprogress.eu\/en\/produkt\/pristresok-typ-14-pre-10-2\/#breadcrumb","itemListElement":[{"@type":"ListItem","position":1,"name":"Products","item":"https:\/\/ecoprogress.eu\/en\/products\/"},{"@type":"ListItem","position":2,"name":"Shelter type 14 for 10"}]},{"@type":"WebSite","@id":"https:\/\/ecoprogress.eu\/en\/#website","url":"https:\/\/ecoprogress.eu\/en\/","name":"Ecoprogress","description":"","publisher":{"@id":"https:\/\/ecoprogress.eu\/en\/#organization"},"potentialAction":[{"@type":"SearchAction","target":{"@type":"EntryPoint","urlTemplate":"https:\/\/ecoprogress.eu\/en\/?s={search_term_string}"},"query-input":{"@type":"PropertyValueSpecification","valueRequired":true,"valueName":"search_term_string"}}],"inLanguage":"en-US"},{"@type":"Organization","@id":"https:\/\/ecoprogress.eu\/en\/#organization","name":"Ecoprogress","url":"https:\/\/ecoprogress.eu\/en\/","logo":{"@type":"ImageObject","inLanguage":"en-US","@id":"https:\/\/ecoprogress.eu\/en\/#\/schema\/logo\/image\/","url":"https:\/\/ecoprogress.eu\/wp-content\/uploads\/logo-2.svg","contentUrl":"https:\/\/ecoprogress.eu\/wp-content\/uploads\/logo-2.svg","width":318,"height":349,"caption":"Ecoprogress"},"image":{"@id":"https:\/\/ecoprogress.eu\/en\/#\/schema\/logo\/image\/"}}]}},"_links":{"self":[{"href":"https:\/\/ecoprogress.eu\/en\/wp-json\/wp\/v2\/product\/29159","targetHints":{"allow":["GET"]}}],"collection":[{"href":"https:\/\/ecoprogress.eu\/en\/wp-json\/wp\/v2\/product"}],"about":[{"href":"https:\/\/ecoprogress.eu\/en\/wp-json\/wp\/v2\/types\/product"}],"version-history":[{"count":0,"href":"https:\/\/ecoprogress.eu\/en\/wp-json\/wp\/v2\/product\/29159\/revisions"}],"wp:featuredmedia":[{"embeddable":true,"href":"https:\/\/ecoprogress.eu\/en\/wp-json\/wp\/v2\/media\/18903"}],"wp:attachment":[{"href":"https:\/\/ecoprogress.eu\/en\/wp-json\/wp\/v2\/media?parent=29159"}],"wp:term":[{"taxonomy":"product_brand","embeddable":true,"href":"https:\/\/ecoprogress.eu\/en\/wp-json\/wp\/v2\/product_brand?post=29159"},{"taxonomy":"product_cat","embeddable":true,"href":"https:\/\/ecoprogress.eu\/en\/wp-json\/wp\/v2\/product_cat?post=29159"},{"taxonomy":"product_tag","embeddable":true,"href":"https:\/\/ecoprogress.eu\/en\/wp-json\/wp\/v2\/product_tag?post=29159"}],"curies":[{"name":"wp","href":"https:\/\/api.w.org\/{rel}","templated":true}]}}