{"id":40666,"date":"2023-04-18T10:11:02","date_gmt":"2023-04-18T08:11:02","guid":{"rendered":"https:\/\/ecoprogress.eu\/?post_type=product&#038;p=40666"},"modified":"2025-04-09T13:19:44","modified_gmt":"2025-04-09T11:19:44","slug":"odpadkovy-kos-segregacny-typ-28","status":"publish","type":"product","link":"https:\/\/ecoprogress.eu\/en\/produkt\/odpadkovy-kos-segregacny-typ-28\/","title":{"rendered":"Odpadkov\u00fd k\u00f4\u0161 segrega\u010dn\u00fd typ 28"},"content":{"rendered":"<p>Dodanie 4-6 t\u00fd\u017ed\u0148ov (pod\u013ea stavu skladov\u00fdch z\u00e1sob)<\/p>\n\n<table id=\"tablepress-1956\" class=\"tablepress tablepress-id-1956\">\n<tbody class=\"row-striping row-hover\">\n<tr class=\"row-1\">\n\t<td class=\"column-1\">material<\/td><td class=\"column-2\">galvanized and painted steel, stainless steel<\/td>\n<\/tr>\n<tr class=\"row-2\">\n\t<td class=\"column-1\">width<\/td><td class=\"column-2\">60 cm<\/td>\n<\/tr>\n<tr class=\"row-3\">\n\t<td class=\"column-1\">height<\/td><td class=\"column-2\">75 cm<\/td>\n<\/tr>\n<tr class=\"row-4\">\n\t<td class=\"column-1\">depth<\/td><td class=\"column-2\">40 cm<\/td>\n<\/tr>\n<tr class=\"row-5\">\n\t<td class=\"column-1\">capacity<\/td><td class=\"column-2\">60 l<\/td>\n<\/tr>\n<tr class=\"row-6\">\n\t<td class=\"column-1\">roof<\/td><td class=\"column-2\">no<\/td>\n<\/tr>\n<tr class=\"row-7\">\n\t<td class=\"column-1\">opening<\/td><td class=\"column-2\">top<\/td>\n<\/tr>\n<\/tbody>\n<\/table>\n<!-- #tablepress-1956 from cache -->\n","protected":false},"excerpt":{"rendered":"<p>Odpadkov\u00fd k\u00f4\u0161 segrega\u010dn\u00fd typ 28 pozost\u00e1va z 2 recykla\u010dn\u00fdch kontajnerov, ka\u017ed\u00fdm s objemom 60 l. Vyroben\u00fd je z 1 mm plechu a je dostupn\u00fd vo farb\u00e1ch z palety RAL.<\/p>\n","protected":false},"featured_media":42230,"template":"","meta":[],"product_brand":[],"product_cat":[177,155,183,187,290],"product_tag":[],"class_list":{"0":"post-40666","1":"product","2":"type-product","3":"status-publish","4":"has-post-thumbnail","6":"product_cat-kose-park-a-ulica","7":"product_cat-malaurbanistickaarchitektura","8":"product_cat-nerezove-2","9":"product_cat-obdlznikove","10":"product_cat-segregacne","11":"product_shipping_class-kose","13":"first","14":"instock","15":"taxable","16":"shipping-taxable","17":"purchasable","18":"product-type-variable"},"yoast_head":"<!-- This site is optimized with the Yoast SEO plugin v27.2 - https:\/\/yoast.com\/product\/yoast-seo-wordpress\/ -->\n<title>Odpadkov\u00fd k\u00f4\u0161 segrega\u010dn\u00fd typ 28 | Ecoprogress<\/title>\n<meta name=\"description\" content=\"Odpadkov\u00fd k\u00f4\u0161 segrega\u010dn\u00fd typ 28 pozost\u00e1va z 2 recykla\u010dn\u00fdch kontajnerov, ka\u017ed\u00fdm s objemom 60 l. Vyroben\u00fd je z 1 mm plechu a je dostupn\u00fd vo farb\u00e1ch z palety RAL.\" \/>\n<meta name=\"robots\" content=\"index, follow, max-snippet:-1, max-image-preview:large, max-video-preview:-1\" \/>\n<link rel=\"canonical\" href=\"https:\/\/ecoprogress.eu\/en\/produkt\/odpadkovy-kos-segregacny-typ-28\/\" \/>\n<meta property=\"og:locale\" content=\"en_US\" \/>\n<meta property=\"og:type\" content=\"article\" \/>\n<meta property=\"og:title\" content=\"Odpadkov\u00fd k\u00f4\u0161 segrega\u010dn\u00fd typ 28 | Ecoprogress\" \/>\n<meta property=\"og:description\" content=\"Odpadkov\u00fd k\u00f4\u0161 segrega\u010dn\u00fd typ 28 pozost\u00e1va z 2 recykla\u010dn\u00fdch kontajnerov, ka\u017ed\u00fdm s objemom 60 l. Vyroben\u00fd je z 1 mm plechu a je dostupn\u00fd vo farb\u00e1ch z palety RAL.\" \/>\n<meta property=\"og:url\" content=\"https:\/\/ecoprogress.eu\/en\/produkt\/odpadkovy-kos-segregacny-typ-28\/\" \/>\n<meta property=\"og:site_name\" content=\"Ecoprogress\" \/>\n<meta property=\"article:modified_time\" content=\"2025-04-09T11:19:44+00:00\" \/>\n<meta property=\"og:image\" content=\"https:\/\/ecoprogress.eu\/wp-content\/uploads\/os28.jpg\" \/>\n\t<meta property=\"og:image:width\" content=\"800\" \/>\n\t<meta property=\"og:image:height\" content=\"600\" \/>\n\t<meta property=\"og:image:type\" content=\"image\/jpeg\" \/>\n<meta name=\"twitter:card\" content=\"summary_large_image\" \/>\n<meta name=\"twitter:label1\" content=\"Est. reading time\" \/>\n\t<meta name=\"twitter:data1\" content=\"1 minute\" \/>\n<script type=\"application\/ld+json\" class=\"yoast-schema-graph\">{\"@context\":\"https:\/\/schema.org\",\"@graph\":[{\"@type\":\"WebPage\",\"@id\":\"https:\/\/ecoprogress.eu\/en\/produkt\/odpadkovy-kos-segregacny-typ-28\/\",\"url\":\"https:\/\/ecoprogress.eu\/en\/produkt\/odpadkovy-kos-segregacny-typ-28\/\",\"name\":\"Odpadkov\u00fd k\u00f4\u0161 segrega\u010dn\u00fd typ 28 | Ecoprogress\",\"isPartOf\":{\"@id\":\"https:\/\/ecoprogress.eu\/en\/#website\"},\"primaryImageOfPage\":{\"@id\":\"https:\/\/ecoprogress.eu\/en\/produkt\/odpadkovy-kos-segregacny-typ-28\/#primaryimage\"},\"image\":{\"@id\":\"https:\/\/ecoprogress.eu\/en\/produkt\/odpadkovy-kos-segregacny-typ-28\/#primaryimage\"},\"thumbnailUrl\":\"https:\/\/ecoprogress.eu\/wp-content\/uploads\/os28.jpg\",\"datePublished\":\"2023-04-18T08:11:02+00:00\",\"dateModified\":\"2025-04-09T11:19:44+00:00\",\"description\":\"Odpadkov\u00fd k\u00f4\u0161 segrega\u010dn\u00fd typ 28 pozost\u00e1va z 2 recykla\u010dn\u00fdch kontajnerov, ka\u017ed\u00fdm s objemom 60 l. Vyroben\u00fd je z 1 mm plechu a je dostupn\u00fd vo farb\u00e1ch z palety RAL.\",\"breadcrumb\":{\"@id\":\"https:\/\/ecoprogress.eu\/en\/produkt\/odpadkovy-kos-segregacny-typ-28\/#breadcrumb\"},\"inLanguage\":\"en-US\",\"potentialAction\":[{\"@type\":\"ReadAction\",\"target\":[\"https:\/\/ecoprogress.eu\/en\/produkt\/odpadkovy-kos-segregacny-typ-28\/\"]}]},{\"@type\":\"ImageObject\",\"inLanguage\":\"en-US\",\"@id\":\"https:\/\/ecoprogress.eu\/en\/produkt\/odpadkovy-kos-segregacny-typ-28\/#primaryimage\",\"url\":\"https:\/\/ecoprogress.eu\/wp-content\/uploads\/os28.jpg\",\"contentUrl\":\"https:\/\/ecoprogress.eu\/wp-content\/uploads\/os28.jpg\",\"width\":800,\"height\":600},{\"@type\":\"BreadcrumbList\",\"@id\":\"https:\/\/ecoprogress.eu\/en\/produkt\/odpadkovy-kos-segregacny-typ-28\/#breadcrumb\",\"itemListElement\":[{\"@type\":\"ListItem\",\"position\":1,\"name\":\"Products\",\"item\":\"https:\/\/ecoprogress.eu\/en\/products\/\"},{\"@type\":\"ListItem\",\"position\":2,\"name\":\"Odpadkov\u00fd k\u00f4\u0161 segrega\u010dn\u00fd typ 28\"}]},{\"@type\":\"WebSite\",\"@id\":\"https:\/\/ecoprogress.eu\/en\/#website\",\"url\":\"https:\/\/ecoprogress.eu\/en\/\",\"name\":\"Ecoprogress\",\"description\":\"\",\"publisher\":{\"@id\":\"https:\/\/ecoprogress.eu\/en\/#organization\"},\"potentialAction\":[{\"@type\":\"SearchAction\",\"target\":{\"@type\":\"EntryPoint\",\"urlTemplate\":\"https:\/\/ecoprogress.eu\/en\/?s={search_term_string}\"},\"query-input\":{\"@type\":\"PropertyValueSpecification\",\"valueRequired\":true,\"valueName\":\"search_term_string\"}}],\"inLanguage\":\"en-US\"},{\"@type\":\"Organization\",\"@id\":\"https:\/\/ecoprogress.eu\/en\/#organization\",\"name\":\"Ecoprogress\",\"url\":\"https:\/\/ecoprogress.eu\/en\/\",\"logo\":{\"@type\":\"ImageObject\",\"inLanguage\":\"en-US\",\"@id\":\"https:\/\/ecoprogress.eu\/en\/#\/schema\/logo\/image\/\",\"url\":\"https:\/\/ecoprogress.eu\/wp-content\/uploads\/logo-2.svg\",\"contentUrl\":\"https:\/\/ecoprogress.eu\/wp-content\/uploads\/logo-2.svg\",\"width\":318,\"height\":349,\"caption\":\"Ecoprogress\"},\"image\":{\"@id\":\"https:\/\/ecoprogress.eu\/en\/#\/schema\/logo\/image\/\"}}]}<\/script>\n<!-- \/ Yoast SEO plugin. -->","yoast_head_json":{"title":"Odpadkov\u00fd k\u00f4\u0161 segrega\u010dn\u00fd typ 28 | Ecoprogress","description":"Odpadkov\u00fd k\u00f4\u0161 segrega\u010dn\u00fd typ 28 pozost\u00e1va z 2 recykla\u010dn\u00fdch kontajnerov, ka\u017ed\u00fdm s objemom 60 l. Vyroben\u00fd je z 1 mm plechu a je dostupn\u00fd vo farb\u00e1ch z palety RAL.","robots":{"index":"index","follow":"follow","max-snippet":"max-snippet:-1","max-image-preview":"max-image-preview:large","max-video-preview":"max-video-preview:-1"},"canonical":"https:\/\/ecoprogress.eu\/en\/produkt\/odpadkovy-kos-segregacny-typ-28\/","og_locale":"en_US","og_type":"article","og_title":"Odpadkov\u00fd k\u00f4\u0161 segrega\u010dn\u00fd typ 28 | Ecoprogress","og_description":"Odpadkov\u00fd k\u00f4\u0161 segrega\u010dn\u00fd typ 28 pozost\u00e1va z 2 recykla\u010dn\u00fdch kontajnerov, ka\u017ed\u00fdm s objemom 60 l. Vyroben\u00fd je z 1 mm plechu a je dostupn\u00fd vo farb\u00e1ch z palety RAL.","og_url":"https:\/\/ecoprogress.eu\/en\/produkt\/odpadkovy-kos-segregacny-typ-28\/","og_site_name":"Ecoprogress","article_modified_time":"2025-04-09T11:19:44+00:00","og_image":[{"width":800,"height":600,"url":"https:\/\/ecoprogress.eu\/wp-content\/uploads\/os28.jpg","type":"image\/jpeg"}],"twitter_card":"summary_large_image","twitter_misc":{"Est. reading time":"1 minute"},"schema":{"@context":"https:\/\/schema.org","@graph":[{"@type":"WebPage","@id":"https:\/\/ecoprogress.eu\/en\/produkt\/odpadkovy-kos-segregacny-typ-28\/","url":"https:\/\/ecoprogress.eu\/en\/produkt\/odpadkovy-kos-segregacny-typ-28\/","name":"Odpadkov\u00fd k\u00f4\u0161 segrega\u010dn\u00fd typ 28 | Ecoprogress","isPartOf":{"@id":"https:\/\/ecoprogress.eu\/en\/#website"},"primaryImageOfPage":{"@id":"https:\/\/ecoprogress.eu\/en\/produkt\/odpadkovy-kos-segregacny-typ-28\/#primaryimage"},"image":{"@id":"https:\/\/ecoprogress.eu\/en\/produkt\/odpadkovy-kos-segregacny-typ-28\/#primaryimage"},"thumbnailUrl":"https:\/\/ecoprogress.eu\/wp-content\/uploads\/os28.jpg","datePublished":"2023-04-18T08:11:02+00:00","dateModified":"2025-04-09T11:19:44+00:00","description":"Odpadkov\u00fd k\u00f4\u0161 segrega\u010dn\u00fd typ 28 pozost\u00e1va z 2 recykla\u010dn\u00fdch kontajnerov, ka\u017ed\u00fdm s objemom 60 l. Vyroben\u00fd je z 1 mm plechu a je dostupn\u00fd vo farb\u00e1ch z palety RAL.","breadcrumb":{"@id":"https:\/\/ecoprogress.eu\/en\/produkt\/odpadkovy-kos-segregacny-typ-28\/#breadcrumb"},"inLanguage":"en-US","potentialAction":[{"@type":"ReadAction","target":["https:\/\/ecoprogress.eu\/en\/produkt\/odpadkovy-kos-segregacny-typ-28\/"]}]},{"@type":"ImageObject","inLanguage":"en-US","@id":"https:\/\/ecoprogress.eu\/en\/produkt\/odpadkovy-kos-segregacny-typ-28\/#primaryimage","url":"https:\/\/ecoprogress.eu\/wp-content\/uploads\/os28.jpg","contentUrl":"https:\/\/ecoprogress.eu\/wp-content\/uploads\/os28.jpg","width":800,"height":600},{"@type":"BreadcrumbList","@id":"https:\/\/ecoprogress.eu\/en\/produkt\/odpadkovy-kos-segregacny-typ-28\/#breadcrumb","itemListElement":[{"@type":"ListItem","position":1,"name":"Products","item":"https:\/\/ecoprogress.eu\/en\/products\/"},{"@type":"ListItem","position":2,"name":"Odpadkov\u00fd k\u00f4\u0161 segrega\u010dn\u00fd typ 28"}]},{"@type":"WebSite","@id":"https:\/\/ecoprogress.eu\/en\/#website","url":"https:\/\/ecoprogress.eu\/en\/","name":"Ecoprogress","description":"","publisher":{"@id":"https:\/\/ecoprogress.eu\/en\/#organization"},"potentialAction":[{"@type":"SearchAction","target":{"@type":"EntryPoint","urlTemplate":"https:\/\/ecoprogress.eu\/en\/?s={search_term_string}"},"query-input":{"@type":"PropertyValueSpecification","valueRequired":true,"valueName":"search_term_string"}}],"inLanguage":"en-US"},{"@type":"Organization","@id":"https:\/\/ecoprogress.eu\/en\/#organization","name":"Ecoprogress","url":"https:\/\/ecoprogress.eu\/en\/","logo":{"@type":"ImageObject","inLanguage":"en-US","@id":"https:\/\/ecoprogress.eu\/en\/#\/schema\/logo\/image\/","url":"https:\/\/ecoprogress.eu\/wp-content\/uploads\/logo-2.svg","contentUrl":"https:\/\/ecoprogress.eu\/wp-content\/uploads\/logo-2.svg","width":318,"height":349,"caption":"Ecoprogress"},"image":{"@id":"https:\/\/ecoprogress.eu\/en\/#\/schema\/logo\/image\/"}}]}},"_links":{"self":[{"href":"https:\/\/ecoprogress.eu\/en\/wp-json\/wp\/v2\/product\/40666","targetHints":{"allow":["GET"]}}],"collection":[{"href":"https:\/\/ecoprogress.eu\/en\/wp-json\/wp\/v2\/product"}],"about":[{"href":"https:\/\/ecoprogress.eu\/en\/wp-json\/wp\/v2\/types\/product"}],"version-history":[{"count":1,"href":"https:\/\/ecoprogress.eu\/en\/wp-json\/wp\/v2\/product\/40666\/revisions"}],"predecessor-version":[{"id":59610,"href":"https:\/\/ecoprogress.eu\/en\/wp-json\/wp\/v2\/product\/40666\/revisions\/59610"}],"wp:featuredmedia":[{"embeddable":true,"href":"https:\/\/ecoprogress.eu\/en\/wp-json\/wp\/v2\/media\/42230"}],"wp:attachment":[{"href":"https:\/\/ecoprogress.eu\/en\/wp-json\/wp\/v2\/media?parent=40666"}],"wp:term":[{"taxonomy":"product_brand","embeddable":true,"href":"https:\/\/ecoprogress.eu\/en\/wp-json\/wp\/v2\/product_brand?post=40666"},{"taxonomy":"product_cat","embeddable":true,"href":"https:\/\/ecoprogress.eu\/en\/wp-json\/wp\/v2\/product_cat?post=40666"},{"taxonomy":"product_tag","embeddable":true,"href":"https:\/\/ecoprogress.eu\/en\/wp-json\/wp\/v2\/product_tag?post=40666"}],"curies":[{"name":"wp","href":"https:\/\/api.w.org\/{rel}","templated":true}]}}