{"id":41170,"date":"2023-04-20T11:43:11","date_gmt":"2023-04-20T09:43:11","guid":{"rendered":"https:\/\/ecoprogress.eu\/?post_type=product&#038;p=41170"},"modified":"2025-02-27T15:29:42","modified_gmt":"2025-02-27T14:29:42","slug":"stojan-modulovy-typ-06-pre-11-bicyklov","status":"publish","type":"product","link":"https:\/\/ecoprogress.eu\/en\/produkt\/stojan-modulovy-typ-06-pre-11-bicyklov\/","title":{"rendered":"Stojan modulov\u00fd typ 06 pre 11 bicyklov"},"content":{"rendered":"<p>Dodanie 4-6 t\u00fd\u017ed\u0148ov (pod\u013ea stavu skladov\u00fdch z\u00e1sob)<\/p>\n\n<table id=\"tablepress-2015\" class=\"tablepress tablepress-id-2015\">\n<tbody class=\"row-striping row-hover\">\n<tr class=\"row-1\">\n\t<td class=\"column-1\">po\u010det stanov\u00edsk<\/td><td class=\"column-2\">11<\/td>\n<\/tr>\n<tr class=\"row-2\">\n\t<td class=\"column-1\">\u0161\u00edrka stojan<\/td><td class=\"column-2\">432 cm<\/td>\n<\/tr>\n<tr class=\"row-3\">\n\t<td class=\"column-1\">v\u00fd\u0161ka<\/td><td class=\"column-2\">45 cm<\/td>\n<\/tr>\n<tr class=\"row-4\">\n\t<td class=\"column-1\">h\u013abka<\/td><td class=\"column-2\">53 cm<\/td>\n<\/tr>\n<tr class=\"row-5\">\n\t<td class=\"column-1\">\u0161\u00edrka stanoviska<\/td><td class=\"column-2\">6,5 cm<\/td>\n<\/tr>\n<tr class=\"row-6\">\n\t<td class=\"column-1\">prierez r\u00fary<\/td><td class=\"column-2\">18 mm<\/td>\n<\/tr>\n<tr class=\"row-7\">\n\t<td class=\"column-1\">hr\u00fabka r\u00fary<\/td><td class=\"column-2\">2 mm<\/td>\n<\/tr>\n<tr class=\"row-8\">\n\t<td class=\"column-1\">profil stojanu<\/td><td class=\"column-2\">30x30x1,5 mm<\/td>\n<\/tr>\n<tr class=\"row-9\">\n\t<td class=\"column-1\">materi\u00e1l<\/td><td class=\"column-2\">oce\u013e pozinkovan\u00e1, oce\u013e nehrdzavej\u00faca, oce\u013e pozinkovan\u00e1 ma\u013eovan\u00e1<\/td>\n<\/tr>\n<tr class=\"row-10\">\n\t<td class=\"column-1\">regul\u00e1cia poz\u00edcii<\/td><td class=\"column-2\">neregulovan\u00e1<\/td>\n<\/tr>\n<tr class=\"row-11\">\n\t<td class=\"column-1\">sp\u00f4sob ukotvenia<\/td><td class=\"column-2\">do zeme<\/td>\n<\/tr>\n<tr class=\"row-12\">\n\t<td class=\"column-1\">sp\u00f4sob mont\u00e1\u017ee<\/td><td class=\"column-2\">skrutky<\/td>\n<\/tr>\n<tr class=\"row-13\">\n\t<td class=\"column-1\">v\u00fd\u0161ka barier a prierez<\/td><td class=\"column-2\">80 cm a \u00d8 25mm<\/td>\n<\/tr>\n<tr class=\"row-14\">\n\t<td class=\"column-1\">mont\u00e1\u017e<\/td><td class=\"column-2\">12 roz\u0161irovac\u00edch z\u00e1tok \u00d8 10 x 100 mm pre skrutky \u00d8 7 x 107 mm (s\u00fa\u010das\u0165ou balenia), k\u013e\u00fa\u010dom 13<\/td>\n<\/tr>\n<\/tbody>\n<\/table>\n<!-- #tablepress-2015 from cache -->\n","protected":false},"excerpt":{"rendered":"<p>Stojan modulov\u00fd typ 06 pre 11 bicyklov s pr\u00eddavn\u00fdmi ko\u013eajni\u010dkami, umo\u017e\u0148uj\u00facimi pohodln\u00e9 a jednoduch\u00e9 upevnenie bicyklov na r\u00e1m pomocou ak\u00e9hoko\u013evek typu z\u00e1mku na bicykel. Stojan je vhodn\u00fd pre v\u0161etky typy a ve\u013ekosti bicyklov, vr\u00e1tane bicyklov s kot\u00fa\u010dov\u00fdmi brzdami.<\/p>\n","protected":false},"featured_media":42284,"template":"","meta":[],"product_brand":[],"product_cat":[219,156],"product_tag":[],"class_list":{"0":"post-41170","1":"product","2":"type-product","3":"status-publish","4":"has-post-thumbnail","6":"product_cat-modulove","7":"product_cat-stojany-na-bicykle","8":"product_shipping_class-stojany","10":"first","11":"instock","12":"taxable","13":"shipping-taxable","14":"purchasable","15":"product-type-variable"},"yoast_head":"<!-- This site is optimized with the Yoast SEO plugin v27.2 - https:\/\/yoast.com\/product\/yoast-seo-wordpress\/ -->\n<title>Stojan modulov\u00fd typ 06 pre 11 bicyklov | Ecoprogress<\/title>\n<meta name=\"description\" content=\"Stojan modulov\u00fd typ 06 pre 11 bicyklov s pr\u00eddavn\u00fdmi ko\u013eajni\u010dkami, umo\u017e\u0148uj\u00facimi pohodln\u00e9 a jednoduch\u00e9 upevnenie bicyklov na r\u00e1m.\" \/>\n<meta name=\"robots\" content=\"index, follow, max-snippet:-1, max-image-preview:large, max-video-preview:-1\" \/>\n<link rel=\"canonical\" href=\"https:\/\/ecoprogress.eu\/en\/produkt\/stojan-modulovy-typ-06-pre-11-bicyklov\/\" \/>\n<meta property=\"og:locale\" content=\"en_US\" \/>\n<meta property=\"og:type\" content=\"article\" \/>\n<meta property=\"og:title\" content=\"Stojan modulov\u00fd typ 06 pre 11 bicyklov | Ecoprogress\" \/>\n<meta property=\"og:description\" content=\"Stojan modulov\u00fd typ 06 pre 11 bicyklov s pr\u00eddavn\u00fdmi ko\u013eajni\u010dkami, umo\u017e\u0148uj\u00facimi pohodln\u00e9 a jednoduch\u00e9 upevnenie bicyklov na r\u00e1m.\" \/>\n<meta property=\"og:url\" content=\"https:\/\/ecoprogress.eu\/en\/produkt\/stojan-modulovy-typ-06-pre-11-bicyklov\/\" \/>\n<meta property=\"og:site_name\" content=\"Ecoprogress\" \/>\n<meta property=\"article:modified_time\" content=\"2025-02-27T14:29:42+00:00\" \/>\n<meta property=\"og:image\" content=\"https:\/\/ecoprogress.eu\/wp-content\/uploads\/mod611.jpg\" \/>\n\t<meta property=\"og:image:width\" content=\"800\" \/>\n\t<meta property=\"og:image:height\" content=\"600\" \/>\n\t<meta property=\"og:image:type\" content=\"image\/jpeg\" \/>\n<meta name=\"twitter:card\" content=\"summary_large_image\" \/>\n<meta name=\"twitter:label1\" content=\"Est. reading time\" \/>\n\t<meta name=\"twitter:data1\" content=\"1 minute\" \/>\n<script type=\"application\/ld+json\" class=\"yoast-schema-graph\">{\"@context\":\"https:\/\/schema.org\",\"@graph\":[{\"@type\":\"WebPage\",\"@id\":\"https:\/\/ecoprogress.eu\/en\/produkt\/stojan-modulovy-typ-06-pre-11-bicyklov\/\",\"url\":\"https:\/\/ecoprogress.eu\/en\/produkt\/stojan-modulovy-typ-06-pre-11-bicyklov\/\",\"name\":\"Stojan modulov\u00fd typ 06 pre 11 bicyklov | Ecoprogress\",\"isPartOf\":{\"@id\":\"https:\/\/ecoprogress.eu\/en\/#website\"},\"primaryImageOfPage\":{\"@id\":\"https:\/\/ecoprogress.eu\/en\/produkt\/stojan-modulovy-typ-06-pre-11-bicyklov\/#primaryimage\"},\"image\":{\"@id\":\"https:\/\/ecoprogress.eu\/en\/produkt\/stojan-modulovy-typ-06-pre-11-bicyklov\/#primaryimage\"},\"thumbnailUrl\":\"https:\/\/ecoprogress.eu\/wp-content\/uploads\/mod611.jpg\",\"datePublished\":\"2023-04-20T09:43:11+00:00\",\"dateModified\":\"2025-02-27T14:29:42+00:00\",\"description\":\"Stojan modulov\u00fd typ 06 pre 11 bicyklov s pr\u00eddavn\u00fdmi ko\u013eajni\u010dkami, umo\u017e\u0148uj\u00facimi pohodln\u00e9 a jednoduch\u00e9 upevnenie bicyklov na r\u00e1m.\",\"breadcrumb\":{\"@id\":\"https:\/\/ecoprogress.eu\/en\/produkt\/stojan-modulovy-typ-06-pre-11-bicyklov\/#breadcrumb\"},\"inLanguage\":\"en-US\",\"potentialAction\":[{\"@type\":\"ReadAction\",\"target\":[\"https:\/\/ecoprogress.eu\/en\/produkt\/stojan-modulovy-typ-06-pre-11-bicyklov\/\"]}]},{\"@type\":\"ImageObject\",\"inLanguage\":\"en-US\",\"@id\":\"https:\/\/ecoprogress.eu\/en\/produkt\/stojan-modulovy-typ-06-pre-11-bicyklov\/#primaryimage\",\"url\":\"https:\/\/ecoprogress.eu\/wp-content\/uploads\/mod611.jpg\",\"contentUrl\":\"https:\/\/ecoprogress.eu\/wp-content\/uploads\/mod611.jpg\",\"width\":800,\"height\":600},{\"@type\":\"BreadcrumbList\",\"@id\":\"https:\/\/ecoprogress.eu\/en\/produkt\/stojan-modulovy-typ-06-pre-11-bicyklov\/#breadcrumb\",\"itemListElement\":[{\"@type\":\"ListItem\",\"position\":1,\"name\":\"Products\",\"item\":\"https:\/\/ecoprogress.eu\/en\/products\/\"},{\"@type\":\"ListItem\",\"position\":2,\"name\":\"Stojan modulov\u00fd typ 06 pre 11 bicyklov\"}]},{\"@type\":\"WebSite\",\"@id\":\"https:\/\/ecoprogress.eu\/en\/#website\",\"url\":\"https:\/\/ecoprogress.eu\/en\/\",\"name\":\"Ecoprogress\",\"description\":\"\",\"publisher\":{\"@id\":\"https:\/\/ecoprogress.eu\/en\/#organization\"},\"potentialAction\":[{\"@type\":\"SearchAction\",\"target\":{\"@type\":\"EntryPoint\",\"urlTemplate\":\"https:\/\/ecoprogress.eu\/en\/?s={search_term_string}\"},\"query-input\":{\"@type\":\"PropertyValueSpecification\",\"valueRequired\":true,\"valueName\":\"search_term_string\"}}],\"inLanguage\":\"en-US\"},{\"@type\":\"Organization\",\"@id\":\"https:\/\/ecoprogress.eu\/en\/#organization\",\"name\":\"Ecoprogress\",\"url\":\"https:\/\/ecoprogress.eu\/en\/\",\"logo\":{\"@type\":\"ImageObject\",\"inLanguage\":\"en-US\",\"@id\":\"https:\/\/ecoprogress.eu\/en\/#\/schema\/logo\/image\/\",\"url\":\"https:\/\/ecoprogress.eu\/wp-content\/uploads\/logo-2.svg\",\"contentUrl\":\"https:\/\/ecoprogress.eu\/wp-content\/uploads\/logo-2.svg\",\"width\":318,\"height\":349,\"caption\":\"Ecoprogress\"},\"image\":{\"@id\":\"https:\/\/ecoprogress.eu\/en\/#\/schema\/logo\/image\/\"}}]}<\/script>\n<!-- \/ Yoast SEO plugin. -->","yoast_head_json":{"title":"Stojan modulov\u00fd typ 06 pre 11 bicyklov | Ecoprogress","description":"Stojan modulov\u00fd typ 06 pre 11 bicyklov s pr\u00eddavn\u00fdmi ko\u013eajni\u010dkami, umo\u017e\u0148uj\u00facimi pohodln\u00e9 a jednoduch\u00e9 upevnenie bicyklov na r\u00e1m.","robots":{"index":"index","follow":"follow","max-snippet":"max-snippet:-1","max-image-preview":"max-image-preview:large","max-video-preview":"max-video-preview:-1"},"canonical":"https:\/\/ecoprogress.eu\/en\/produkt\/stojan-modulovy-typ-06-pre-11-bicyklov\/","og_locale":"en_US","og_type":"article","og_title":"Stojan modulov\u00fd typ 06 pre 11 bicyklov | Ecoprogress","og_description":"Stojan modulov\u00fd typ 06 pre 11 bicyklov s pr\u00eddavn\u00fdmi ko\u013eajni\u010dkami, umo\u017e\u0148uj\u00facimi pohodln\u00e9 a jednoduch\u00e9 upevnenie bicyklov na r\u00e1m.","og_url":"https:\/\/ecoprogress.eu\/en\/produkt\/stojan-modulovy-typ-06-pre-11-bicyklov\/","og_site_name":"Ecoprogress","article_modified_time":"2025-02-27T14:29:42+00:00","og_image":[{"width":800,"height":600,"url":"https:\/\/ecoprogress.eu\/wp-content\/uploads\/mod611.jpg","type":"image\/jpeg"}],"twitter_card":"summary_large_image","twitter_misc":{"Est. reading time":"1 minute"},"schema":{"@context":"https:\/\/schema.org","@graph":[{"@type":"WebPage","@id":"https:\/\/ecoprogress.eu\/en\/produkt\/stojan-modulovy-typ-06-pre-11-bicyklov\/","url":"https:\/\/ecoprogress.eu\/en\/produkt\/stojan-modulovy-typ-06-pre-11-bicyklov\/","name":"Stojan modulov\u00fd typ 06 pre 11 bicyklov | Ecoprogress","isPartOf":{"@id":"https:\/\/ecoprogress.eu\/en\/#website"},"primaryImageOfPage":{"@id":"https:\/\/ecoprogress.eu\/en\/produkt\/stojan-modulovy-typ-06-pre-11-bicyklov\/#primaryimage"},"image":{"@id":"https:\/\/ecoprogress.eu\/en\/produkt\/stojan-modulovy-typ-06-pre-11-bicyklov\/#primaryimage"},"thumbnailUrl":"https:\/\/ecoprogress.eu\/wp-content\/uploads\/mod611.jpg","datePublished":"2023-04-20T09:43:11+00:00","dateModified":"2025-02-27T14:29:42+00:00","description":"Stojan modulov\u00fd typ 06 pre 11 bicyklov s pr\u00eddavn\u00fdmi ko\u013eajni\u010dkami, umo\u017e\u0148uj\u00facimi pohodln\u00e9 a jednoduch\u00e9 upevnenie bicyklov na r\u00e1m.","breadcrumb":{"@id":"https:\/\/ecoprogress.eu\/en\/produkt\/stojan-modulovy-typ-06-pre-11-bicyklov\/#breadcrumb"},"inLanguage":"en-US","potentialAction":[{"@type":"ReadAction","target":["https:\/\/ecoprogress.eu\/en\/produkt\/stojan-modulovy-typ-06-pre-11-bicyklov\/"]}]},{"@type":"ImageObject","inLanguage":"en-US","@id":"https:\/\/ecoprogress.eu\/en\/produkt\/stojan-modulovy-typ-06-pre-11-bicyklov\/#primaryimage","url":"https:\/\/ecoprogress.eu\/wp-content\/uploads\/mod611.jpg","contentUrl":"https:\/\/ecoprogress.eu\/wp-content\/uploads\/mod611.jpg","width":800,"height":600},{"@type":"BreadcrumbList","@id":"https:\/\/ecoprogress.eu\/en\/produkt\/stojan-modulovy-typ-06-pre-11-bicyklov\/#breadcrumb","itemListElement":[{"@type":"ListItem","position":1,"name":"Products","item":"https:\/\/ecoprogress.eu\/en\/products\/"},{"@type":"ListItem","position":2,"name":"Stojan modulov\u00fd typ 06 pre 11 bicyklov"}]},{"@type":"WebSite","@id":"https:\/\/ecoprogress.eu\/en\/#website","url":"https:\/\/ecoprogress.eu\/en\/","name":"Ecoprogress","description":"","publisher":{"@id":"https:\/\/ecoprogress.eu\/en\/#organization"},"potentialAction":[{"@type":"SearchAction","target":{"@type":"EntryPoint","urlTemplate":"https:\/\/ecoprogress.eu\/en\/?s={search_term_string}"},"query-input":{"@type":"PropertyValueSpecification","valueRequired":true,"valueName":"search_term_string"}}],"inLanguage":"en-US"},{"@type":"Organization","@id":"https:\/\/ecoprogress.eu\/en\/#organization","name":"Ecoprogress","url":"https:\/\/ecoprogress.eu\/en\/","logo":{"@type":"ImageObject","inLanguage":"en-US","@id":"https:\/\/ecoprogress.eu\/en\/#\/schema\/logo\/image\/","url":"https:\/\/ecoprogress.eu\/wp-content\/uploads\/logo-2.svg","contentUrl":"https:\/\/ecoprogress.eu\/wp-content\/uploads\/logo-2.svg","width":318,"height":349,"caption":"Ecoprogress"},"image":{"@id":"https:\/\/ecoprogress.eu\/en\/#\/schema\/logo\/image\/"}}]}},"_links":{"self":[{"href":"https:\/\/ecoprogress.eu\/en\/wp-json\/wp\/v2\/product\/41170","targetHints":{"allow":["GET"]}}],"collection":[{"href":"https:\/\/ecoprogress.eu\/en\/wp-json\/wp\/v2\/product"}],"about":[{"href":"https:\/\/ecoprogress.eu\/en\/wp-json\/wp\/v2\/types\/product"}],"version-history":[{"count":1,"href":"https:\/\/ecoprogress.eu\/en\/wp-json\/wp\/v2\/product\/41170\/revisions"}],"predecessor-version":[{"id":52039,"href":"https:\/\/ecoprogress.eu\/en\/wp-json\/wp\/v2\/product\/41170\/revisions\/52039"}],"wp:featuredmedia":[{"embeddable":true,"href":"https:\/\/ecoprogress.eu\/en\/wp-json\/wp\/v2\/media\/42284"}],"wp:attachment":[{"href":"https:\/\/ecoprogress.eu\/en\/wp-json\/wp\/v2\/media?parent=41170"}],"wp:term":[{"taxonomy":"product_brand","embeddable":true,"href":"https:\/\/ecoprogress.eu\/en\/wp-json\/wp\/v2\/product_brand?post=41170"},{"taxonomy":"product_cat","embeddable":true,"href":"https:\/\/ecoprogress.eu\/en\/wp-json\/wp\/v2\/product_cat?post=41170"},{"taxonomy":"product_tag","embeddable":true,"href":"https:\/\/ecoprogress.eu\/en\/wp-json\/wp\/v2\/product_tag?post=41170"}],"curies":[{"name":"wp","href":"https:\/\/api.w.org\/{rel}","templated":true}]}}