{"id":42169,"date":"2023-04-26T11:52:27","date_gmt":"2023-04-26T09:52:27","guid":{"rendered":"https:\/\/ecoprogress.eu\/?post_type=product&#038;p=42169"},"modified":"2025-04-09T13:31:09","modified_gmt":"2025-04-09T11:31:09","slug":"odpadkovy-kos-typ-93","status":"publish","type":"product","link":"https:\/\/ecoprogress.eu\/en\/produkt\/odpadkovy-kos-typ-93\/","title":{"rendered":"Odpadkov\u00fd k\u00f4\u0161 typ 93"},"content":{"rendered":"<p>Dodanie 4-6 t\u00fd\u017ed\u0148ov (pod\u013ea stavu skladov\u00fdch z\u00e1sob)<\/p>\n\n<table id=\"tablepress-2281\" class=\"tablepress tablepress-id-2281\">\n<tbody class=\"row-striping row-hover\">\n<tr class=\"row-1\">\n\t<td class=\"column-1\">v\u00fd\u0161ka ko\u0161a<\/td><td class=\"column-2\">75 cm<\/td>\n<\/tr>\n<tr class=\"row-2\">\n\t<td class=\"column-1\">\u0161\u00edrka ko\u0161a<\/td><td class=\"column-2\">30 cm<\/td>\n<\/tr>\n<tr class=\"row-3\">\n\t<td class=\"column-1\">h\u013abka ko\u0161a<\/td><td class=\"column-2\">40 cm<\/td>\n<\/tr>\n<tr class=\"row-4\">\n\t<td class=\"column-1\">materi\u00e1l<\/td><td class=\"column-2\">oce\u013e pozinkovan\u00e1 aj malovan\u00e1, nehrdzavej\u00faca oce\u013e<\/td>\n<\/tr>\n<tr class=\"row-5\">\n\t<td class=\"column-1\">strie\u0161ka<\/td><td class=\"column-2\">nie<\/td>\n<\/tr>\n<tr class=\"row-6\">\n\t<td class=\"column-1\">popoln\u00edk<\/td><td class=\"column-2\">nie<\/td>\n<\/tr>\n<tr class=\"row-7\">\n\t<td class=\"column-1\">vypr\u00e1zd\u0148ovanie ko\u0161a<\/td><td class=\"column-2\">z hora<\/td>\n<\/tr>\n<tr class=\"row-8\">\n\t<td class=\"column-1\">po\u010det n\u00e1dob<\/td><td class=\"column-2\">1<\/td>\n<\/tr>\n<\/tbody>\n<\/table>\n<!-- #tablepress-2281 from cache -->\n","protected":false},"excerpt":{"rendered":"<p>Odpadkov\u00fd k\u00f4\u0161 typ 93 s objemom 60 litrov. Vyroben\u00fd je z 1 mm plechu a 5 mm pevn\u00e9ho polykarbon\u00e1tu, ktor\u00fd tvor\u00ed predn\u00fa \u010das\u0165 ko\u0161a. Mo\u017enos\u0165 v\u00fdberu farby ko\u0161a pod\u013ea vzorkovn\u00edka RAL. Ur\u010den\u00fd predov\u0161etk\u00fdm na intern\u00e9 pou\u017eitie.<\/p>\n","protected":false},"featured_media":42302,"template":"","meta":[],"product_brand":[],"product_cat":[177,155,183,187],"product_tag":[],"class_list":{"0":"post-42169","1":"product","2":"type-product","3":"status-publish","4":"has-post-thumbnail","6":"product_cat-kose-park-a-ulica","7":"product_cat-malaurbanistickaarchitektura","8":"product_cat-nerezove-2","9":"product_cat-obdlznikove","10":"product_shipping_class-kose","12":"first","13":"instock","14":"taxable","15":"shipping-taxable","16":"purchasable","17":"product-type-variable"},"yoast_head":"<!-- This site is optimized with the Yoast SEO plugin v27.2 - https:\/\/yoast.com\/product\/yoast-seo-wordpress\/ -->\n<title>Odpadkov\u00fd k\u00f4\u0161 typ 93 | Ecoprogress<\/title>\n<meta name=\"description\" content=\"Odpadkov\u00fd k\u00f4\u0161 typ 93\u00a0s objemom 60 litrov. Vyroben\u00fd je z 1 mm plechu a 5 mm pevn\u00e9ho polykarbon\u00e1tu, ktor\u00fd tvor\u00ed predn\u00fa \u010das\u0165 ko\u0161a.\" \/>\n<meta name=\"robots\" content=\"index, follow, max-snippet:-1, max-image-preview:large, max-video-preview:-1\" \/>\n<link rel=\"canonical\" href=\"https:\/\/ecoprogress.eu\/en\/produkt\/odpadkovy-kos-typ-93\/\" \/>\n<meta property=\"og:locale\" content=\"en_US\" \/>\n<meta property=\"og:type\" content=\"article\" \/>\n<meta property=\"og:title\" content=\"Odpadkov\u00fd k\u00f4\u0161 typ 93 | Ecoprogress\" \/>\n<meta property=\"og:description\" content=\"Odpadkov\u00fd k\u00f4\u0161 typ 93\u00a0s objemom 60 litrov. Vyroben\u00fd je z 1 mm plechu a 5 mm pevn\u00e9ho polykarbon\u00e1tu, ktor\u00fd tvor\u00ed predn\u00fa \u010das\u0165 ko\u0161a.\" \/>\n<meta property=\"og:url\" content=\"https:\/\/ecoprogress.eu\/en\/produkt\/odpadkovy-kos-typ-93\/\" \/>\n<meta property=\"og:site_name\" content=\"Ecoprogress\" \/>\n<meta property=\"article:modified_time\" content=\"2025-04-09T11:31:09+00:00\" \/>\n<meta property=\"og:image\" content=\"https:\/\/ecoprogress.eu\/wp-content\/uploads\/kos93-1-1.jpg\" \/>\n\t<meta property=\"og:image:width\" content=\"800\" \/>\n\t<meta property=\"og:image:height\" content=\"600\" \/>\n\t<meta property=\"og:image:type\" content=\"image\/jpeg\" \/>\n<meta name=\"twitter:card\" content=\"summary_large_image\" \/>\n<meta name=\"twitter:label1\" content=\"Est. reading time\" \/>\n\t<meta name=\"twitter:data1\" content=\"1 minute\" \/>\n<script type=\"application\/ld+json\" class=\"yoast-schema-graph\">{\"@context\":\"https:\/\/schema.org\",\"@graph\":[{\"@type\":\"WebPage\",\"@id\":\"https:\/\/ecoprogress.eu\/en\/produkt\/odpadkovy-kos-typ-93\/\",\"url\":\"https:\/\/ecoprogress.eu\/en\/produkt\/odpadkovy-kos-typ-93\/\",\"name\":\"Odpadkov\u00fd k\u00f4\u0161 typ 93 | Ecoprogress\",\"isPartOf\":{\"@id\":\"https:\/\/ecoprogress.eu\/en\/#website\"},\"primaryImageOfPage\":{\"@id\":\"https:\/\/ecoprogress.eu\/en\/produkt\/odpadkovy-kos-typ-93\/#primaryimage\"},\"image\":{\"@id\":\"https:\/\/ecoprogress.eu\/en\/produkt\/odpadkovy-kos-typ-93\/#primaryimage\"},\"thumbnailUrl\":\"https:\/\/ecoprogress.eu\/wp-content\/uploads\/kos93-1-1.jpg\",\"datePublished\":\"2023-04-26T09:52:27+00:00\",\"dateModified\":\"2025-04-09T11:31:09+00:00\",\"description\":\"Odpadkov\u00fd k\u00f4\u0161 typ 93\u00a0s objemom 60 litrov. Vyroben\u00fd je z 1 mm plechu a 5 mm pevn\u00e9ho polykarbon\u00e1tu, ktor\u00fd tvor\u00ed predn\u00fa \u010das\u0165 ko\u0161a.\",\"breadcrumb\":{\"@id\":\"https:\/\/ecoprogress.eu\/en\/produkt\/odpadkovy-kos-typ-93\/#breadcrumb\"},\"inLanguage\":\"en-US\",\"potentialAction\":[{\"@type\":\"ReadAction\",\"target\":[\"https:\/\/ecoprogress.eu\/en\/produkt\/odpadkovy-kos-typ-93\/\"]}]},{\"@type\":\"ImageObject\",\"inLanguage\":\"en-US\",\"@id\":\"https:\/\/ecoprogress.eu\/en\/produkt\/odpadkovy-kos-typ-93\/#primaryimage\",\"url\":\"https:\/\/ecoprogress.eu\/wp-content\/uploads\/kos93-1-1.jpg\",\"contentUrl\":\"https:\/\/ecoprogress.eu\/wp-content\/uploads\/kos93-1-1.jpg\",\"width\":800,\"height\":600},{\"@type\":\"BreadcrumbList\",\"@id\":\"https:\/\/ecoprogress.eu\/en\/produkt\/odpadkovy-kos-typ-93\/#breadcrumb\",\"itemListElement\":[{\"@type\":\"ListItem\",\"position\":1,\"name\":\"Products\",\"item\":\"https:\/\/ecoprogress.eu\/en\/products\/\"},{\"@type\":\"ListItem\",\"position\":2,\"name\":\"Odpadkov\u00fd k\u00f4\u0161 typ 93\"}]},{\"@type\":\"WebSite\",\"@id\":\"https:\/\/ecoprogress.eu\/en\/#website\",\"url\":\"https:\/\/ecoprogress.eu\/en\/\",\"name\":\"Ecoprogress\",\"description\":\"\",\"publisher\":{\"@id\":\"https:\/\/ecoprogress.eu\/en\/#organization\"},\"potentialAction\":[{\"@type\":\"SearchAction\",\"target\":{\"@type\":\"EntryPoint\",\"urlTemplate\":\"https:\/\/ecoprogress.eu\/en\/?s={search_term_string}\"},\"query-input\":{\"@type\":\"PropertyValueSpecification\",\"valueRequired\":true,\"valueName\":\"search_term_string\"}}],\"inLanguage\":\"en-US\"},{\"@type\":\"Organization\",\"@id\":\"https:\/\/ecoprogress.eu\/en\/#organization\",\"name\":\"Ecoprogress\",\"url\":\"https:\/\/ecoprogress.eu\/en\/\",\"logo\":{\"@type\":\"ImageObject\",\"inLanguage\":\"en-US\",\"@id\":\"https:\/\/ecoprogress.eu\/en\/#\/schema\/logo\/image\/\",\"url\":\"https:\/\/ecoprogress.eu\/wp-content\/uploads\/logo-2.svg\",\"contentUrl\":\"https:\/\/ecoprogress.eu\/wp-content\/uploads\/logo-2.svg\",\"width\":318,\"height\":349,\"caption\":\"Ecoprogress\"},\"image\":{\"@id\":\"https:\/\/ecoprogress.eu\/en\/#\/schema\/logo\/image\/\"}}]}<\/script>\n<!-- \/ Yoast SEO plugin. -->","yoast_head_json":{"title":"Odpadkov\u00fd k\u00f4\u0161 typ 93 | Ecoprogress","description":"Odpadkov\u00fd k\u00f4\u0161 typ 93\u00a0s objemom 60 litrov. Vyroben\u00fd je z 1 mm plechu a 5 mm pevn\u00e9ho polykarbon\u00e1tu, ktor\u00fd tvor\u00ed predn\u00fa \u010das\u0165 ko\u0161a.","robots":{"index":"index","follow":"follow","max-snippet":"max-snippet:-1","max-image-preview":"max-image-preview:large","max-video-preview":"max-video-preview:-1"},"canonical":"https:\/\/ecoprogress.eu\/en\/produkt\/odpadkovy-kos-typ-93\/","og_locale":"en_US","og_type":"article","og_title":"Odpadkov\u00fd k\u00f4\u0161 typ 93 | Ecoprogress","og_description":"Odpadkov\u00fd k\u00f4\u0161 typ 93\u00a0s objemom 60 litrov. Vyroben\u00fd je z 1 mm plechu a 5 mm pevn\u00e9ho polykarbon\u00e1tu, ktor\u00fd tvor\u00ed predn\u00fa \u010das\u0165 ko\u0161a.","og_url":"https:\/\/ecoprogress.eu\/en\/produkt\/odpadkovy-kos-typ-93\/","og_site_name":"Ecoprogress","article_modified_time":"2025-04-09T11:31:09+00:00","og_image":[{"width":800,"height":600,"url":"https:\/\/ecoprogress.eu\/wp-content\/uploads\/kos93-1-1.jpg","type":"image\/jpeg"}],"twitter_card":"summary_large_image","twitter_misc":{"Est. reading time":"1 minute"},"schema":{"@context":"https:\/\/schema.org","@graph":[{"@type":"WebPage","@id":"https:\/\/ecoprogress.eu\/en\/produkt\/odpadkovy-kos-typ-93\/","url":"https:\/\/ecoprogress.eu\/en\/produkt\/odpadkovy-kos-typ-93\/","name":"Odpadkov\u00fd k\u00f4\u0161 typ 93 | Ecoprogress","isPartOf":{"@id":"https:\/\/ecoprogress.eu\/en\/#website"},"primaryImageOfPage":{"@id":"https:\/\/ecoprogress.eu\/en\/produkt\/odpadkovy-kos-typ-93\/#primaryimage"},"image":{"@id":"https:\/\/ecoprogress.eu\/en\/produkt\/odpadkovy-kos-typ-93\/#primaryimage"},"thumbnailUrl":"https:\/\/ecoprogress.eu\/wp-content\/uploads\/kos93-1-1.jpg","datePublished":"2023-04-26T09:52:27+00:00","dateModified":"2025-04-09T11:31:09+00:00","description":"Odpadkov\u00fd k\u00f4\u0161 typ 93\u00a0s objemom 60 litrov. Vyroben\u00fd je z 1 mm plechu a 5 mm pevn\u00e9ho polykarbon\u00e1tu, ktor\u00fd tvor\u00ed predn\u00fa \u010das\u0165 ko\u0161a.","breadcrumb":{"@id":"https:\/\/ecoprogress.eu\/en\/produkt\/odpadkovy-kos-typ-93\/#breadcrumb"},"inLanguage":"en-US","potentialAction":[{"@type":"ReadAction","target":["https:\/\/ecoprogress.eu\/en\/produkt\/odpadkovy-kos-typ-93\/"]}]},{"@type":"ImageObject","inLanguage":"en-US","@id":"https:\/\/ecoprogress.eu\/en\/produkt\/odpadkovy-kos-typ-93\/#primaryimage","url":"https:\/\/ecoprogress.eu\/wp-content\/uploads\/kos93-1-1.jpg","contentUrl":"https:\/\/ecoprogress.eu\/wp-content\/uploads\/kos93-1-1.jpg","width":800,"height":600},{"@type":"BreadcrumbList","@id":"https:\/\/ecoprogress.eu\/en\/produkt\/odpadkovy-kos-typ-93\/#breadcrumb","itemListElement":[{"@type":"ListItem","position":1,"name":"Products","item":"https:\/\/ecoprogress.eu\/en\/products\/"},{"@type":"ListItem","position":2,"name":"Odpadkov\u00fd k\u00f4\u0161 typ 93"}]},{"@type":"WebSite","@id":"https:\/\/ecoprogress.eu\/en\/#website","url":"https:\/\/ecoprogress.eu\/en\/","name":"Ecoprogress","description":"","publisher":{"@id":"https:\/\/ecoprogress.eu\/en\/#organization"},"potentialAction":[{"@type":"SearchAction","target":{"@type":"EntryPoint","urlTemplate":"https:\/\/ecoprogress.eu\/en\/?s={search_term_string}"},"query-input":{"@type":"PropertyValueSpecification","valueRequired":true,"valueName":"search_term_string"}}],"inLanguage":"en-US"},{"@type":"Organization","@id":"https:\/\/ecoprogress.eu\/en\/#organization","name":"Ecoprogress","url":"https:\/\/ecoprogress.eu\/en\/","logo":{"@type":"ImageObject","inLanguage":"en-US","@id":"https:\/\/ecoprogress.eu\/en\/#\/schema\/logo\/image\/","url":"https:\/\/ecoprogress.eu\/wp-content\/uploads\/logo-2.svg","contentUrl":"https:\/\/ecoprogress.eu\/wp-content\/uploads\/logo-2.svg","width":318,"height":349,"caption":"Ecoprogress"},"image":{"@id":"https:\/\/ecoprogress.eu\/en\/#\/schema\/logo\/image\/"}}]}},"_links":{"self":[{"href":"https:\/\/ecoprogress.eu\/en\/wp-json\/wp\/v2\/product\/42169","targetHints":{"allow":["GET"]}}],"collection":[{"href":"https:\/\/ecoprogress.eu\/en\/wp-json\/wp\/v2\/product"}],"about":[{"href":"https:\/\/ecoprogress.eu\/en\/wp-json\/wp\/v2\/types\/product"}],"version-history":[{"count":1,"href":"https:\/\/ecoprogress.eu\/en\/wp-json\/wp\/v2\/product\/42169\/revisions"}],"predecessor-version":[{"id":59616,"href":"https:\/\/ecoprogress.eu\/en\/wp-json\/wp\/v2\/product\/42169\/revisions\/59616"}],"wp:featuredmedia":[{"embeddable":true,"href":"https:\/\/ecoprogress.eu\/en\/wp-json\/wp\/v2\/media\/42302"}],"wp:attachment":[{"href":"https:\/\/ecoprogress.eu\/en\/wp-json\/wp\/v2\/media?parent=42169"}],"wp:term":[{"taxonomy":"product_brand","embeddable":true,"href":"https:\/\/ecoprogress.eu\/en\/wp-json\/wp\/v2\/product_brand?post=42169"},{"taxonomy":"product_cat","embeddable":true,"href":"https:\/\/ecoprogress.eu\/en\/wp-json\/wp\/v2\/product_cat?post=42169"},{"taxonomy":"product_tag","embeddable":true,"href":"https:\/\/ecoprogress.eu\/en\/wp-json\/wp\/v2\/product_tag?post=42169"}],"curies":[{"name":"wp","href":"https:\/\/api.w.org\/{rel}","templated":true}]}}