{"id":53628,"date":"2024-07-25T12:01:02","date_gmt":"2024-07-25T10:01:02","guid":{"rendered":"https:\/\/ecoprogress.eu\/?post_type=product&#038;p=53628"},"modified":"2025-02-24T14:13:59","modified_gmt":"2025-02-24T13:13:59","slug":"univerzalny-stol-so-sedadlom-typ-05","status":"publish","type":"product","link":"https:\/\/ecoprogress.eu\/en\/produkt\/univerzalny-stol-so-sedadlom-typ-05\/","title":{"rendered":"Univerz\u00e1lny st\u00f4l so sedadlom typ 05"},"content":{"rendered":"<p>Dodanie 7-8 t\u00fd\u017ed\u0148ov (pod\u013ea stavu skladov\u00fdch z\u00e1sob)<\/p>\n\n<table id=\"tablepress-3098\" class=\"tablepress tablepress-id-3098\">\n<tbody class=\"row-striping row-hover\">\n<tr class=\"row-1\">\n\t<td class=\"column-1\">\u0161\u00edrka <\/td><td class=\"column-2\">170 cm<\/td>\n<\/tr>\n<tr class=\"row-2\">\n\t<td class=\"column-1\">v\u00fd\u0161ka<\/td><td class=\"column-2\">77 cm<\/td>\n<\/tr>\n<tr class=\"row-3\">\n\t<td class=\"column-1\">h\u013abka<\/td><td class=\"column-2\">170 cm<\/td>\n<\/tr>\n<tr class=\"row-4\">\n\t<td class=\"column-1\">materi\u00e1l<\/td><td class=\"column-2\">oce\u013e, HPL<\/td>\n<\/tr>\n<\/tbody>\n<\/table>\n\n","protected":false},"excerpt":{"rendered":"<p>Univerz\u00e1lny st\u00f4l so sedadlom typ 05 je vhodn\u00fd na umiestnenie vo verejn\u00fdch priestoroch, kancel\u00e1ri\u00e1ch, kaviar\u0148ach, vzdel\u00e1vac\u00edch centr\u00e1ch, na n\u00e1mestiach a v parkoch. Jeho pevn\u00e1 a vhodne tvarovan\u00e1 kon\u0161trukcia z neho rob\u00ed ve\u013emi pohodln\u00fd kus n\u00e1bytku pre ka\u017ed\u00e9ho. St\u00f4l je vybaven\u00fd 4 z\u00e1suvkami 230 V\/USB.<\/p>\n","protected":false},"featured_media":53801,"template":"","meta":[],"product_brand":[],"product_cat":[625],"product_tag":[],"class_list":{"0":"post-53628","1":"product","2":"type-product","3":"status-publish","4":"has-post-thumbnail","6":"product_cat-zostavy-mobiliaru","8":"first","9":"instock","10":"taxable","11":"shipping-taxable","12":"purchasable","13":"product-type-variable"},"yoast_head":"<!-- This site is optimized with the Yoast SEO plugin v27.2 - https:\/\/yoast.com\/product\/yoast-seo-wordpress\/ -->\n<title>Univerz\u00e1lny st\u00f4l so sedadlom typ 05 | Ecoprogress<\/title>\n<meta name=\"description\" content=\"Univerz\u00e1lny st\u00f4l so sedadlom typ 05 je vhodn\u00fd na umiestnenie vo verejn\u00fdch priestoroch, kancel\u00e1ri\u00e1ch, kaviar\u0148ach, vzdel\u00e1vac\u00edch centr\u00e1ch, na n\u00e1mestiach a v parkoch.\" \/>\n<meta name=\"robots\" content=\"index, follow, max-snippet:-1, max-image-preview:large, max-video-preview:-1\" \/>\n<link rel=\"canonical\" href=\"https:\/\/ecoprogress.eu\/en\/produkt\/univerzalny-stol-so-sedadlom-typ-05\/\" \/>\n<meta property=\"og:locale\" content=\"en_US\" \/>\n<meta property=\"og:type\" content=\"article\" \/>\n<meta property=\"og:title\" content=\"Univerz\u00e1lny st\u00f4l so sedadlom typ 05 | Ecoprogress\" \/>\n<meta property=\"og:description\" content=\"Univerz\u00e1lny st\u00f4l so sedadlom typ 05 je vhodn\u00fd na umiestnenie vo verejn\u00fdch priestoroch, kancel\u00e1ri\u00e1ch, kaviar\u0148ach, vzdel\u00e1vac\u00edch centr\u00e1ch, na n\u00e1mestiach a v parkoch.\" \/>\n<meta property=\"og:url\" content=\"https:\/\/ecoprogress.eu\/en\/produkt\/univerzalny-stol-so-sedadlom-typ-05\/\" \/>\n<meta property=\"og:site_name\" content=\"Ecoprogress\" \/>\n<meta property=\"article:modified_time\" content=\"2025-02-24T13:13:59+00:00\" \/>\n<meta property=\"og:image\" content=\"https:\/\/ecoprogress.eu\/wp-content\/uploads\/Univerzalny-stol-so-sedadlom-typ-05.jpg\" \/>\n\t<meta property=\"og:image:width\" content=\"800\" \/>\n\t<meta property=\"og:image:height\" content=\"600\" \/>\n\t<meta property=\"og:image:type\" content=\"image\/jpeg\" \/>\n<meta name=\"twitter:card\" content=\"summary_large_image\" \/>\n<meta name=\"twitter:label1\" content=\"Est. reading time\" \/>\n\t<meta name=\"twitter:data1\" content=\"1 minute\" \/>\n<script type=\"application\/ld+json\" class=\"yoast-schema-graph\">{\"@context\":\"https:\/\/schema.org\",\"@graph\":[{\"@type\":\"WebPage\",\"@id\":\"https:\/\/ecoprogress.eu\/en\/produkt\/univerzalny-stol-so-sedadlom-typ-05\/\",\"url\":\"https:\/\/ecoprogress.eu\/en\/produkt\/univerzalny-stol-so-sedadlom-typ-05\/\",\"name\":\"Univerz\u00e1lny st\u00f4l so sedadlom typ 05 | Ecoprogress\",\"isPartOf\":{\"@id\":\"https:\/\/ecoprogress.eu\/en\/#website\"},\"primaryImageOfPage\":{\"@id\":\"https:\/\/ecoprogress.eu\/en\/produkt\/univerzalny-stol-so-sedadlom-typ-05\/#primaryimage\"},\"image\":{\"@id\":\"https:\/\/ecoprogress.eu\/en\/produkt\/univerzalny-stol-so-sedadlom-typ-05\/#primaryimage\"},\"thumbnailUrl\":\"https:\/\/ecoprogress.eu\/wp-content\/uploads\/Univerzalny-stol-so-sedadlom-typ-05.jpg\",\"datePublished\":\"2024-07-25T10:01:02+00:00\",\"dateModified\":\"2025-02-24T13:13:59+00:00\",\"description\":\"Univerz\u00e1lny st\u00f4l so sedadlom typ 05 je vhodn\u00fd na umiestnenie vo verejn\u00fdch priestoroch, kancel\u00e1ri\u00e1ch, kaviar\u0148ach, vzdel\u00e1vac\u00edch centr\u00e1ch, na n\u00e1mestiach a v parkoch.\",\"breadcrumb\":{\"@id\":\"https:\/\/ecoprogress.eu\/en\/produkt\/univerzalny-stol-so-sedadlom-typ-05\/#breadcrumb\"},\"inLanguage\":\"en-US\",\"potentialAction\":[{\"@type\":\"ReadAction\",\"target\":[\"https:\/\/ecoprogress.eu\/en\/produkt\/univerzalny-stol-so-sedadlom-typ-05\/\"]}]},{\"@type\":\"ImageObject\",\"inLanguage\":\"en-US\",\"@id\":\"https:\/\/ecoprogress.eu\/en\/produkt\/univerzalny-stol-so-sedadlom-typ-05\/#primaryimage\",\"url\":\"https:\/\/ecoprogress.eu\/wp-content\/uploads\/Univerzalny-stol-so-sedadlom-typ-05.jpg\",\"contentUrl\":\"https:\/\/ecoprogress.eu\/wp-content\/uploads\/Univerzalny-stol-so-sedadlom-typ-05.jpg\",\"width\":800,\"height\":600},{\"@type\":\"BreadcrumbList\",\"@id\":\"https:\/\/ecoprogress.eu\/en\/produkt\/univerzalny-stol-so-sedadlom-typ-05\/#breadcrumb\",\"itemListElement\":[{\"@type\":\"ListItem\",\"position\":1,\"name\":\"Products\",\"item\":\"https:\/\/ecoprogress.eu\/en\/products\/\"},{\"@type\":\"ListItem\",\"position\":2,\"name\":\"Univerz\u00e1lny st\u00f4l so sedadlom typ 05\"}]},{\"@type\":\"WebSite\",\"@id\":\"https:\/\/ecoprogress.eu\/en\/#website\",\"url\":\"https:\/\/ecoprogress.eu\/en\/\",\"name\":\"Ecoprogress\",\"description\":\"\",\"publisher\":{\"@id\":\"https:\/\/ecoprogress.eu\/en\/#organization\"},\"potentialAction\":[{\"@type\":\"SearchAction\",\"target\":{\"@type\":\"EntryPoint\",\"urlTemplate\":\"https:\/\/ecoprogress.eu\/en\/?s={search_term_string}\"},\"query-input\":{\"@type\":\"PropertyValueSpecification\",\"valueRequired\":true,\"valueName\":\"search_term_string\"}}],\"inLanguage\":\"en-US\"},{\"@type\":\"Organization\",\"@id\":\"https:\/\/ecoprogress.eu\/en\/#organization\",\"name\":\"Ecoprogress\",\"url\":\"https:\/\/ecoprogress.eu\/en\/\",\"logo\":{\"@type\":\"ImageObject\",\"inLanguage\":\"en-US\",\"@id\":\"https:\/\/ecoprogress.eu\/en\/#\/schema\/logo\/image\/\",\"url\":\"https:\/\/ecoprogress.eu\/wp-content\/uploads\/logo-2.svg\",\"contentUrl\":\"https:\/\/ecoprogress.eu\/wp-content\/uploads\/logo-2.svg\",\"width\":318,\"height\":349,\"caption\":\"Ecoprogress\"},\"image\":{\"@id\":\"https:\/\/ecoprogress.eu\/en\/#\/schema\/logo\/image\/\"}}]}<\/script>\n<!-- \/ Yoast SEO plugin. -->","yoast_head_json":{"title":"Univerz\u00e1lny st\u00f4l so sedadlom typ 05 | Ecoprogress","description":"Univerz\u00e1lny st\u00f4l so sedadlom typ 05 je vhodn\u00fd na umiestnenie vo verejn\u00fdch priestoroch, kancel\u00e1ri\u00e1ch, kaviar\u0148ach, vzdel\u00e1vac\u00edch centr\u00e1ch, na n\u00e1mestiach a v parkoch.","robots":{"index":"index","follow":"follow","max-snippet":"max-snippet:-1","max-image-preview":"max-image-preview:large","max-video-preview":"max-video-preview:-1"},"canonical":"https:\/\/ecoprogress.eu\/en\/produkt\/univerzalny-stol-so-sedadlom-typ-05\/","og_locale":"en_US","og_type":"article","og_title":"Univerz\u00e1lny st\u00f4l so sedadlom typ 05 | Ecoprogress","og_description":"Univerz\u00e1lny st\u00f4l so sedadlom typ 05 je vhodn\u00fd na umiestnenie vo verejn\u00fdch priestoroch, kancel\u00e1ri\u00e1ch, kaviar\u0148ach, vzdel\u00e1vac\u00edch centr\u00e1ch, na n\u00e1mestiach a v parkoch.","og_url":"https:\/\/ecoprogress.eu\/en\/produkt\/univerzalny-stol-so-sedadlom-typ-05\/","og_site_name":"Ecoprogress","article_modified_time":"2025-02-24T13:13:59+00:00","og_image":[{"width":800,"height":600,"url":"https:\/\/ecoprogress.eu\/wp-content\/uploads\/Univerzalny-stol-so-sedadlom-typ-05.jpg","type":"image\/jpeg"}],"twitter_card":"summary_large_image","twitter_misc":{"Est. reading time":"1 minute"},"schema":{"@context":"https:\/\/schema.org","@graph":[{"@type":"WebPage","@id":"https:\/\/ecoprogress.eu\/en\/produkt\/univerzalny-stol-so-sedadlom-typ-05\/","url":"https:\/\/ecoprogress.eu\/en\/produkt\/univerzalny-stol-so-sedadlom-typ-05\/","name":"Univerz\u00e1lny st\u00f4l so sedadlom typ 05 | Ecoprogress","isPartOf":{"@id":"https:\/\/ecoprogress.eu\/en\/#website"},"primaryImageOfPage":{"@id":"https:\/\/ecoprogress.eu\/en\/produkt\/univerzalny-stol-so-sedadlom-typ-05\/#primaryimage"},"image":{"@id":"https:\/\/ecoprogress.eu\/en\/produkt\/univerzalny-stol-so-sedadlom-typ-05\/#primaryimage"},"thumbnailUrl":"https:\/\/ecoprogress.eu\/wp-content\/uploads\/Univerzalny-stol-so-sedadlom-typ-05.jpg","datePublished":"2024-07-25T10:01:02+00:00","dateModified":"2025-02-24T13:13:59+00:00","description":"Univerz\u00e1lny st\u00f4l so sedadlom typ 05 je vhodn\u00fd na umiestnenie vo verejn\u00fdch priestoroch, kancel\u00e1ri\u00e1ch, kaviar\u0148ach, vzdel\u00e1vac\u00edch centr\u00e1ch, na n\u00e1mestiach a v parkoch.","breadcrumb":{"@id":"https:\/\/ecoprogress.eu\/en\/produkt\/univerzalny-stol-so-sedadlom-typ-05\/#breadcrumb"},"inLanguage":"en-US","potentialAction":[{"@type":"ReadAction","target":["https:\/\/ecoprogress.eu\/en\/produkt\/univerzalny-stol-so-sedadlom-typ-05\/"]}]},{"@type":"ImageObject","inLanguage":"en-US","@id":"https:\/\/ecoprogress.eu\/en\/produkt\/univerzalny-stol-so-sedadlom-typ-05\/#primaryimage","url":"https:\/\/ecoprogress.eu\/wp-content\/uploads\/Univerzalny-stol-so-sedadlom-typ-05.jpg","contentUrl":"https:\/\/ecoprogress.eu\/wp-content\/uploads\/Univerzalny-stol-so-sedadlom-typ-05.jpg","width":800,"height":600},{"@type":"BreadcrumbList","@id":"https:\/\/ecoprogress.eu\/en\/produkt\/univerzalny-stol-so-sedadlom-typ-05\/#breadcrumb","itemListElement":[{"@type":"ListItem","position":1,"name":"Products","item":"https:\/\/ecoprogress.eu\/en\/products\/"},{"@type":"ListItem","position":2,"name":"Univerz\u00e1lny st\u00f4l so sedadlom typ 05"}]},{"@type":"WebSite","@id":"https:\/\/ecoprogress.eu\/en\/#website","url":"https:\/\/ecoprogress.eu\/en\/","name":"Ecoprogress","description":"","publisher":{"@id":"https:\/\/ecoprogress.eu\/en\/#organization"},"potentialAction":[{"@type":"SearchAction","target":{"@type":"EntryPoint","urlTemplate":"https:\/\/ecoprogress.eu\/en\/?s={search_term_string}"},"query-input":{"@type":"PropertyValueSpecification","valueRequired":true,"valueName":"search_term_string"}}],"inLanguage":"en-US"},{"@type":"Organization","@id":"https:\/\/ecoprogress.eu\/en\/#organization","name":"Ecoprogress","url":"https:\/\/ecoprogress.eu\/en\/","logo":{"@type":"ImageObject","inLanguage":"en-US","@id":"https:\/\/ecoprogress.eu\/en\/#\/schema\/logo\/image\/","url":"https:\/\/ecoprogress.eu\/wp-content\/uploads\/logo-2.svg","contentUrl":"https:\/\/ecoprogress.eu\/wp-content\/uploads\/logo-2.svg","width":318,"height":349,"caption":"Ecoprogress"},"image":{"@id":"https:\/\/ecoprogress.eu\/en\/#\/schema\/logo\/image\/"}}]}},"_links":{"self":[{"href":"https:\/\/ecoprogress.eu\/en\/wp-json\/wp\/v2\/product\/53628","targetHints":{"allow":["GET"]}}],"collection":[{"href":"https:\/\/ecoprogress.eu\/en\/wp-json\/wp\/v2\/product"}],"about":[{"href":"https:\/\/ecoprogress.eu\/en\/wp-json\/wp\/v2\/types\/product"}],"version-history":[{"count":2,"href":"https:\/\/ecoprogress.eu\/en\/wp-json\/wp\/v2\/product\/53628\/revisions"}],"predecessor-version":[{"id":57171,"href":"https:\/\/ecoprogress.eu\/en\/wp-json\/wp\/v2\/product\/53628\/revisions\/57171"}],"wp:featuredmedia":[{"embeddable":true,"href":"https:\/\/ecoprogress.eu\/en\/wp-json\/wp\/v2\/media\/53801"}],"wp:attachment":[{"href":"https:\/\/ecoprogress.eu\/en\/wp-json\/wp\/v2\/media?parent=53628"}],"wp:term":[{"taxonomy":"product_brand","embeddable":true,"href":"https:\/\/ecoprogress.eu\/en\/wp-json\/wp\/v2\/product_brand?post=53628"},{"taxonomy":"product_cat","embeddable":true,"href":"https:\/\/ecoprogress.eu\/en\/wp-json\/wp\/v2\/product_cat?post=53628"},{"taxonomy":"product_tag","embeddable":true,"href":"https:\/\/ecoprogress.eu\/en\/wp-json\/wp\/v2\/product_tag?post=53628"}],"curies":[{"name":"wp","href":"https:\/\/api.w.org\/{rel}","templated":true}]}}