{"id":56011,"date":"2024-12-16T15:26:36","date_gmt":"2024-12-16T14:26:36","guid":{"rendered":"https:\/\/ecoprogress.eu\/?post_type=product&#038;p=56011"},"modified":"2024-12-17T18:23:24","modified_gmt":"2024-12-17T17:23:24","slug":"kvetinac-typ-02","status":"publish","type":"product","link":"https:\/\/ecoprogress.eu\/en\/produkt\/kvetinac-typ-02\/","title":{"rendered":"Kvetin\u00e1\u010d typ 02"},"content":{"rendered":"<p>Dodanie 4-6 t\u00fd\u017ed\u0148ov (pod\u013ea stavu skladov\u00fdch z\u00e1sob)<\/p>\n\n<table id=\"tablepress-3230\" class=\"tablepress tablepress-id-3230\">\n<tbody class=\"row-striping row-hover\">\n<tr class=\"row-1\">\n\t<td class=\"column-1\">v\u00fd\u0161ka<\/td><td class=\"column-2\">70 cm<\/td>\n<\/tr>\n<tr class=\"row-2\">\n\t<td class=\"column-1\">\u0161\u00edrka<\/td><td class=\"column-2\">70 cm<\/td>\n<\/tr>\n<tr class=\"row-3\">\n\t<td class=\"column-1\">h\u013abka<\/td><td class=\"column-2\">70 cm<\/td>\n<\/tr>\n<tr class=\"row-4\">\n\t<td class=\"column-1\">materi\u00e1l<\/td><td class=\"column-2\">drevo + oce\u013e<\/td>\n<\/tr>\n<tr class=\"row-5\">\n\t<td class=\"column-1\">komponenty<\/td><td class=\"column-2\">profil 30x30mm, drevo, plech 1.5mm<\/td>\n<\/tr>\n<\/tbody>\n<\/table>\n<!-- #tablepress-3230 from cache -->\n","protected":false},"excerpt":{"rendered":"<p>Kvetin\u00e1\u010d typ 02 na vonkaj\u0161ie aj vn\u00fatorn\u00e9 pou\u017eitie. Vyroben\u00fd z ihli\u010dnat\u00e9ho dreva a oce\u013eov\u00fdch profilov. Kompletn\u00fd s pozinkovanou oce\u013eovou vlo\u017ekou.<\/p>\n","protected":false},"featured_media":56202,"template":"","meta":[],"product_brand":[],"product_cat":[661,693],"product_tag":[],"class_list":{"0":"post-56011","1":"product","2":"type-product","3":"status-publish","4":"has-post-thumbnail","6":"product_cat-kvetinace","7":"product_cat-vyvysene-zahony","8":"product_shipping_class-lavicky","10":"first","11":"instock","12":"featured","13":"taxable","14":"shipping-taxable","15":"purchasable","16":"product-type-variable"},"yoast_head":"<!-- This site is optimized with the Yoast SEO plugin v27.2 - https:\/\/yoast.com\/product\/yoast-seo-wordpress\/ -->\n<title>Kvetin\u00e1\u010d typ 02 | Ecoprogress<\/title>\n<meta name=\"description\" content=\"Kvetin\u00e1\u010d typ 02 na vonkaj\u0161ie aj vn\u00fatorn\u00e9 pou\u017eitie. Vyroben\u00fd z ihli\u010dnat\u00e9ho dreva a oce\u013eov\u00fdch profilov. Kompletn\u00fd s pozinkovanou oce\u013eovou vlo\u017ekou.\" \/>\n<meta name=\"robots\" content=\"index, follow, max-snippet:-1, max-image-preview:large, max-video-preview:-1\" \/>\n<link rel=\"canonical\" href=\"https:\/\/ecoprogress.eu\/en\/produkt\/kvetinac-typ-02\/\" \/>\n<meta property=\"og:locale\" content=\"en_US\" \/>\n<meta property=\"og:type\" content=\"article\" \/>\n<meta property=\"og:title\" content=\"Kvetin\u00e1\u010d typ 02 | Ecoprogress\" \/>\n<meta property=\"og:description\" content=\"Kvetin\u00e1\u010d typ 02 na vonkaj\u0161ie aj vn\u00fatorn\u00e9 pou\u017eitie. Vyroben\u00fd z ihli\u010dnat\u00e9ho dreva a oce\u013eov\u00fdch profilov. Kompletn\u00fd s pozinkovanou oce\u013eovou vlo\u017ekou.\" \/>\n<meta property=\"og:url\" content=\"https:\/\/ecoprogress.eu\/en\/produkt\/kvetinac-typ-02\/\" \/>\n<meta property=\"og:site_name\" content=\"Ecoprogress\" \/>\n<meta property=\"article:modified_time\" content=\"2024-12-17T17:23:24+00:00\" \/>\n<meta property=\"og:image\" content=\"https:\/\/ecoprogress.eu\/wp-content\/uploads\/kvetinac-2.webp\" \/>\n\t<meta property=\"og:image:width\" content=\"800\" \/>\n\t<meta property=\"og:image:height\" content=\"600\" \/>\n\t<meta property=\"og:image:type\" content=\"image\/webp\" \/>\n<meta name=\"twitter:card\" content=\"summary_large_image\" \/>\n<meta name=\"twitter:label1\" content=\"Est. reading time\" \/>\n\t<meta name=\"twitter:data1\" content=\"1 minute\" \/>\n<script type=\"application\/ld+json\" class=\"yoast-schema-graph\">{\"@context\":\"https:\/\/schema.org\",\"@graph\":[{\"@type\":\"WebPage\",\"@id\":\"https:\/\/ecoprogress.eu\/en\/produkt\/kvetinac-typ-02\/\",\"url\":\"https:\/\/ecoprogress.eu\/en\/produkt\/kvetinac-typ-02\/\",\"name\":\"Kvetin\u00e1\u010d typ 02 | Ecoprogress\",\"isPartOf\":{\"@id\":\"https:\/\/ecoprogress.eu\/en\/#website\"},\"primaryImageOfPage\":{\"@id\":\"https:\/\/ecoprogress.eu\/en\/produkt\/kvetinac-typ-02\/#primaryimage\"},\"image\":{\"@id\":\"https:\/\/ecoprogress.eu\/en\/produkt\/kvetinac-typ-02\/#primaryimage\"},\"thumbnailUrl\":\"https:\/\/ecoprogress.eu\/wp-content\/uploads\/kvetinac-2.webp\",\"datePublished\":\"2024-12-16T14:26:36+00:00\",\"dateModified\":\"2024-12-17T17:23:24+00:00\",\"description\":\"Kvetin\u00e1\u010d typ 02 na vonkaj\u0161ie aj vn\u00fatorn\u00e9 pou\u017eitie. Vyroben\u00fd z ihli\u010dnat\u00e9ho dreva a oce\u013eov\u00fdch profilov. Kompletn\u00fd s pozinkovanou oce\u013eovou vlo\u017ekou.\",\"breadcrumb\":{\"@id\":\"https:\/\/ecoprogress.eu\/en\/produkt\/kvetinac-typ-02\/#breadcrumb\"},\"inLanguage\":\"en-US\",\"potentialAction\":[{\"@type\":\"ReadAction\",\"target\":[\"https:\/\/ecoprogress.eu\/en\/produkt\/kvetinac-typ-02\/\"]}]},{\"@type\":\"ImageObject\",\"inLanguage\":\"en-US\",\"@id\":\"https:\/\/ecoprogress.eu\/en\/produkt\/kvetinac-typ-02\/#primaryimage\",\"url\":\"https:\/\/ecoprogress.eu\/wp-content\/uploads\/kvetinac-2.webp\",\"contentUrl\":\"https:\/\/ecoprogress.eu\/wp-content\/uploads\/kvetinac-2.webp\",\"width\":800,\"height\":600},{\"@type\":\"BreadcrumbList\",\"@id\":\"https:\/\/ecoprogress.eu\/en\/produkt\/kvetinac-typ-02\/#breadcrumb\",\"itemListElement\":[{\"@type\":\"ListItem\",\"position\":1,\"name\":\"Products\",\"item\":\"https:\/\/ecoprogress.eu\/en\/products\/\"},{\"@type\":\"ListItem\",\"position\":2,\"name\":\"Kvetin\u00e1\u010d typ 02\"}]},{\"@type\":\"WebSite\",\"@id\":\"https:\/\/ecoprogress.eu\/en\/#website\",\"url\":\"https:\/\/ecoprogress.eu\/en\/\",\"name\":\"Ecoprogress\",\"description\":\"\",\"publisher\":{\"@id\":\"https:\/\/ecoprogress.eu\/en\/#organization\"},\"potentialAction\":[{\"@type\":\"SearchAction\",\"target\":{\"@type\":\"EntryPoint\",\"urlTemplate\":\"https:\/\/ecoprogress.eu\/en\/?s={search_term_string}\"},\"query-input\":{\"@type\":\"PropertyValueSpecification\",\"valueRequired\":true,\"valueName\":\"search_term_string\"}}],\"inLanguage\":\"en-US\"},{\"@type\":\"Organization\",\"@id\":\"https:\/\/ecoprogress.eu\/en\/#organization\",\"name\":\"Ecoprogress\",\"url\":\"https:\/\/ecoprogress.eu\/en\/\",\"logo\":{\"@type\":\"ImageObject\",\"inLanguage\":\"en-US\",\"@id\":\"https:\/\/ecoprogress.eu\/en\/#\/schema\/logo\/image\/\",\"url\":\"https:\/\/ecoprogress.eu\/wp-content\/uploads\/logo-2.svg\",\"contentUrl\":\"https:\/\/ecoprogress.eu\/wp-content\/uploads\/logo-2.svg\",\"width\":318,\"height\":349,\"caption\":\"Ecoprogress\"},\"image\":{\"@id\":\"https:\/\/ecoprogress.eu\/en\/#\/schema\/logo\/image\/\"}}]}<\/script>\n<!-- \/ Yoast SEO plugin. -->","yoast_head_json":{"title":"Kvetin\u00e1\u010d typ 02 | Ecoprogress","description":"Kvetin\u00e1\u010d typ 02 na vonkaj\u0161ie aj vn\u00fatorn\u00e9 pou\u017eitie. Vyroben\u00fd z ihli\u010dnat\u00e9ho dreva a oce\u013eov\u00fdch profilov. Kompletn\u00fd s pozinkovanou oce\u013eovou vlo\u017ekou.","robots":{"index":"index","follow":"follow","max-snippet":"max-snippet:-1","max-image-preview":"max-image-preview:large","max-video-preview":"max-video-preview:-1"},"canonical":"https:\/\/ecoprogress.eu\/en\/produkt\/kvetinac-typ-02\/","og_locale":"en_US","og_type":"article","og_title":"Kvetin\u00e1\u010d typ 02 | Ecoprogress","og_description":"Kvetin\u00e1\u010d typ 02 na vonkaj\u0161ie aj vn\u00fatorn\u00e9 pou\u017eitie. Vyroben\u00fd z ihli\u010dnat\u00e9ho dreva a oce\u013eov\u00fdch profilov. Kompletn\u00fd s pozinkovanou oce\u013eovou vlo\u017ekou.","og_url":"https:\/\/ecoprogress.eu\/en\/produkt\/kvetinac-typ-02\/","og_site_name":"Ecoprogress","article_modified_time":"2024-12-17T17:23:24+00:00","og_image":[{"width":800,"height":600,"url":"https:\/\/ecoprogress.eu\/wp-content\/uploads\/kvetinac-2.webp","type":"image\/webp"}],"twitter_card":"summary_large_image","twitter_misc":{"Est. reading time":"1 minute"},"schema":{"@context":"https:\/\/schema.org","@graph":[{"@type":"WebPage","@id":"https:\/\/ecoprogress.eu\/en\/produkt\/kvetinac-typ-02\/","url":"https:\/\/ecoprogress.eu\/en\/produkt\/kvetinac-typ-02\/","name":"Kvetin\u00e1\u010d typ 02 | Ecoprogress","isPartOf":{"@id":"https:\/\/ecoprogress.eu\/en\/#website"},"primaryImageOfPage":{"@id":"https:\/\/ecoprogress.eu\/en\/produkt\/kvetinac-typ-02\/#primaryimage"},"image":{"@id":"https:\/\/ecoprogress.eu\/en\/produkt\/kvetinac-typ-02\/#primaryimage"},"thumbnailUrl":"https:\/\/ecoprogress.eu\/wp-content\/uploads\/kvetinac-2.webp","datePublished":"2024-12-16T14:26:36+00:00","dateModified":"2024-12-17T17:23:24+00:00","description":"Kvetin\u00e1\u010d typ 02 na vonkaj\u0161ie aj vn\u00fatorn\u00e9 pou\u017eitie. Vyroben\u00fd z ihli\u010dnat\u00e9ho dreva a oce\u013eov\u00fdch profilov. Kompletn\u00fd s pozinkovanou oce\u013eovou vlo\u017ekou.","breadcrumb":{"@id":"https:\/\/ecoprogress.eu\/en\/produkt\/kvetinac-typ-02\/#breadcrumb"},"inLanguage":"en-US","potentialAction":[{"@type":"ReadAction","target":["https:\/\/ecoprogress.eu\/en\/produkt\/kvetinac-typ-02\/"]}]},{"@type":"ImageObject","inLanguage":"en-US","@id":"https:\/\/ecoprogress.eu\/en\/produkt\/kvetinac-typ-02\/#primaryimage","url":"https:\/\/ecoprogress.eu\/wp-content\/uploads\/kvetinac-2.webp","contentUrl":"https:\/\/ecoprogress.eu\/wp-content\/uploads\/kvetinac-2.webp","width":800,"height":600},{"@type":"BreadcrumbList","@id":"https:\/\/ecoprogress.eu\/en\/produkt\/kvetinac-typ-02\/#breadcrumb","itemListElement":[{"@type":"ListItem","position":1,"name":"Products","item":"https:\/\/ecoprogress.eu\/en\/products\/"},{"@type":"ListItem","position":2,"name":"Kvetin\u00e1\u010d typ 02"}]},{"@type":"WebSite","@id":"https:\/\/ecoprogress.eu\/en\/#website","url":"https:\/\/ecoprogress.eu\/en\/","name":"Ecoprogress","description":"","publisher":{"@id":"https:\/\/ecoprogress.eu\/en\/#organization"},"potentialAction":[{"@type":"SearchAction","target":{"@type":"EntryPoint","urlTemplate":"https:\/\/ecoprogress.eu\/en\/?s={search_term_string}"},"query-input":{"@type":"PropertyValueSpecification","valueRequired":true,"valueName":"search_term_string"}}],"inLanguage":"en-US"},{"@type":"Organization","@id":"https:\/\/ecoprogress.eu\/en\/#organization","name":"Ecoprogress","url":"https:\/\/ecoprogress.eu\/en\/","logo":{"@type":"ImageObject","inLanguage":"en-US","@id":"https:\/\/ecoprogress.eu\/en\/#\/schema\/logo\/image\/","url":"https:\/\/ecoprogress.eu\/wp-content\/uploads\/logo-2.svg","contentUrl":"https:\/\/ecoprogress.eu\/wp-content\/uploads\/logo-2.svg","width":318,"height":349,"caption":"Ecoprogress"},"image":{"@id":"https:\/\/ecoprogress.eu\/en\/#\/schema\/logo\/image\/"}}]}},"_links":{"self":[{"href":"https:\/\/ecoprogress.eu\/en\/wp-json\/wp\/v2\/product\/56011","targetHints":{"allow":["GET"]}}],"collection":[{"href":"https:\/\/ecoprogress.eu\/en\/wp-json\/wp\/v2\/product"}],"about":[{"href":"https:\/\/ecoprogress.eu\/en\/wp-json\/wp\/v2\/types\/product"}],"version-history":[{"count":1,"href":"https:\/\/ecoprogress.eu\/en\/wp-json\/wp\/v2\/product\/56011\/revisions"}],"predecessor-version":[{"id":56022,"href":"https:\/\/ecoprogress.eu\/en\/wp-json\/wp\/v2\/product\/56011\/revisions\/56022"}],"wp:featuredmedia":[{"embeddable":true,"href":"https:\/\/ecoprogress.eu\/en\/wp-json\/wp\/v2\/media\/56202"}],"wp:attachment":[{"href":"https:\/\/ecoprogress.eu\/en\/wp-json\/wp\/v2\/media?parent=56011"}],"wp:term":[{"taxonomy":"product_brand","embeddable":true,"href":"https:\/\/ecoprogress.eu\/en\/wp-json\/wp\/v2\/product_brand?post=56011"},{"taxonomy":"product_cat","embeddable":true,"href":"https:\/\/ecoprogress.eu\/en\/wp-json\/wp\/v2\/product_cat?post=56011"},{"taxonomy":"product_tag","embeddable":true,"href":"https:\/\/ecoprogress.eu\/en\/wp-json\/wp\/v2\/product_tag?post=56011"}],"curies":[{"name":"wp","href":"https:\/\/api.w.org\/{rel}","templated":true}]}}